{"id":7801,"date":"2025-07-20T22:47:54","date_gmt":"2025-07-20T19:47:54","guid":{"rendered":"https:\/\/berha.org\/en\/?post_type=product&#038;p=7801"},"modified":"2025-07-20T22:48:04","modified_gmt":"2025-07-20T19:48:04","slug":"insulin-elecsys-reagent-for-roche-analyzers-elecsys-cobas-e411-100-test-2","status":"publish","type":"product","link":"https:\/\/berha.org\/en\/urun\/insulin-elecsys-reagent-for-roche-analyzers-elecsys-cobas-e411-100-test-2\/","title":{"rendered":"Insulin Elecsys Reagent for Roche Analyzers \u2013 Elecsys \/ Cobas E411 \u2013 100 Test"},"content":{"rendered":"<p>Roche Elecsys Insulin Test Kiti, Roche Cobas e 411 analiz\u00f6rlerinde kandaki ins\u00fclin d\u00fczeylerinin do\u011fru ve hassas \u015fekilde \u00f6l\u00e7\u00fclmesini sa\u011flar. \u0130ns\u00fclin, glukoz metabolizmas\u0131nda \u00f6nemli rol oynayan bir hormondur ve bu test; diyabet tan\u0131s\u0131, ins\u00fclin direnci de\u011ferlendirmesi ve hipoglisemi nedenlerinin ara\u015ft\u0131r\u0131lmas\u0131nda klinik olarak kullan\u0131l\u0131r.<\/p>\n<p>Otomatik ECLIA teknolojisi sayesinde g\u00fcvenilir ve h\u0131zl\u0131 sonu\u00e7 sa\u011flar.<\/p>\n","protected":false},"excerpt":{"rendered":"<p>100 Test &#8211; 12017547122 &#8211; Elecsys Insulin Reagent Kit &#8211; Elecsys \/ Cobas E411<\/p>\n","protected":false},"featured_media":6793,"template":"","meta":[],"product_brand":[238],"product_cat":[220,217],"product_tag":[223,306,250,249,308,242,303,244,252,305,307,254,239,245,304],"class_list":{"0":"post-7801","1":"product","2":"type-product","3":"status-publish","4":"has-post-thumbnail","6":"product_brand-roche","7":"product_cat-roche-cobas-e411-reagents","8":"product_cat-roche-reagentlari","9":"product_tag-cobas-e411","10":"product_tag-diyabet-testi","11":"product_tag-eclia","12":"product_tag-elektrokemiluminesans","13":"product_tag-glukoz-metabolizmasi","14":"product_tag-immunoassay-kiti","15":"product_tag-insulin-testi","16":"product_tag-klinik-biyokimya","17":"product_tag-laboratuvar-sarf-malzemesi","18":"product_tag-metabolizma-testi","19":"product_tag-pankreas-fonksiyon-testi","20":"product_tag-roche-diagnostik","21":"product_tag-roche-e411","22":"product_tag-roche-test-kitleri","23":"product_tag-serum-insulin","25":"first","26":"instock","27":"shipping-taxable","28":"product-type-simple"},"_links":{"self":[{"href":"https:\/\/berha.org\/en\/wp-json\/wp\/v2\/product\/7801","targetHints":{"allow":["GET"]}}],"collection":[{"href":"https:\/\/berha.org\/en\/wp-json\/wp\/v2\/product"}],"about":[{"href":"https:\/\/berha.org\/en\/wp-json\/wp\/v2\/types\/product"}],"wp:featuredmedia":[{"embeddable":true,"href":"https:\/\/berha.org\/en\/wp-json\/wp\/v2\/media\/6793"}],"wp:attachment":[{"href":"https:\/\/berha.org\/en\/wp-json\/wp\/v2\/media?parent=7801"}],"wp:term":[{"taxonomy":"product_brand","embeddable":true,"href":"https:\/\/berha.org\/en\/wp-json\/wp\/v2\/product_brand?post=7801"},{"taxonomy":"product_cat","embeddable":true,"href":"https:\/\/berha.org\/en\/wp-json\/wp\/v2\/product_cat?post=7801"},{"taxonomy":"product_tag","embeddable":true,"href":"https:\/\/berha.org\/en\/wp-json\/wp\/v2\/product_tag?post=7801"}],"curies":[{"name":"wp","href":"https:\/\/api.w.org\/{rel}","templated":true}]}}