{"id":7800,"date":"2025-07-20T22:47:54","date_gmt":"2025-07-20T19:47:54","guid":{"rendered":"https:\/\/berha.org\/en\/?post_type=product&#038;p=7800"},"modified":"2025-07-20T22:48:04","modified_gmt":"2025-07-20T19:48:04","slug":"anti-tg-elecsys-reagent-for-roche-analyzers-elecsys-cobas-e411-100-test-2","status":"publish","type":"product","link":"https:\/\/berha.org\/en\/urun\/anti-tg-elecsys-reagent-for-roche-analyzers-elecsys-cobas-e411-100-test-2\/","title":{"rendered":"Anti-TG Elecsys Reagent for Roche Analyzers \u2013 Elecsys \/ Cobas E411 \u2013 100 Test"},"content":{"rendered":"<p>Roche Elecsys Anti-TG Test Kiti, Roche Cobas e 411 analiz\u00f6rlerinde serum \u00f6rneklerinde anti-tiroglobulin (anti-TG) antikorlar\u0131n\u0131n hassas ve g\u00fcvenilir \u015fekilde kantitatif \u00f6l\u00e7\u00fcm\u00fcn\u00fc sa\u011flar. Bu test, tiroid bezine kar\u015f\u0131 geli\u015fen otoimm\u00fcn yan\u0131tlar\u0131n de\u011ferlendirilmesinde kullan\u0131l\u0131r.<\/p>\n<p>Anti-TG antikorlar\u0131 \u00f6zellikle Hashimoto tiroiditi ve Graves hastal\u0131\u011f\u0131 gibi otoimm\u00fcn tiroid bozukluklar\u0131n\u0131n tan\u0131s\u0131nda \u00f6nemli rol oynar.<\/p>\n","protected":false},"excerpt":{"rendered":"<p>100 Test &#8211; 9004998190 &#8211; Elecsys Anti-TG Reagent Kit &#8211; Elecsys \/ Cobas E411<\/p>\n","protected":false},"featured_media":6786,"template":"","meta":[],"product_brand":[238],"product_cat":[220,217],"product_tag":[298,299,223,250,249,242,244,243,302,254,239,245,300,301],"class_list":{"0":"post-7800","1":"product","2":"type-product","3":"status-publish","4":"has-post-thumbnail","6":"product_brand-roche","7":"product_cat-roche-cobas-e411-reagents","8":"product_cat-roche-reagentlari","9":"product_tag-anti-tg-testi","10":"product_tag-anti-tiroglobulin","11":"product_tag-cobas-e411","12":"product_tag-eclia","13":"product_tag-elektrokemiluminesans","14":"product_tag-immunoassay-kiti","15":"product_tag-klinik-biyokimya","16":"product_tag-laboratuvar-test-kiti","17":"product_tag-otoimmun-tiroidit","18":"product_tag-roche-diagnostik","19":"product_tag-roche-e411","20":"product_tag-roche-test-kitleri","21":"product_tag-tiroid-antikor-testi","22":"product_tag-tiroid-hastaliklari","24":"first","25":"instock","26":"shipping-taxable","27":"product-type-simple"},"_links":{"self":[{"href":"https:\/\/berha.org\/en\/wp-json\/wp\/v2\/product\/7800","targetHints":{"allow":["GET"]}}],"collection":[{"href":"https:\/\/berha.org\/en\/wp-json\/wp\/v2\/product"}],"about":[{"href":"https:\/\/berha.org\/en\/wp-json\/wp\/v2\/types\/product"}],"wp:featuredmedia":[{"embeddable":true,"href":"https:\/\/berha.org\/en\/wp-json\/wp\/v2\/media\/6786"}],"wp:attachment":[{"href":"https:\/\/berha.org\/en\/wp-json\/wp\/v2\/media?parent=7800"}],"wp:term":[{"taxonomy":"product_brand","embeddable":true,"href":"https:\/\/berha.org\/en\/wp-json\/wp\/v2\/product_brand?post=7800"},{"taxonomy":"product_cat","embeddable":true,"href":"https:\/\/berha.org\/en\/wp-json\/wp\/v2\/product_cat?post=7800"},{"taxonomy":"product_tag","embeddable":true,"href":"https:\/\/berha.org\/en\/wp-json\/wp\/v2\/product_tag?post=7800"}],"curies":[{"name":"wp","href":"https:\/\/api.w.org\/{rel}","templated":true}]}}