{"id":7799,"date":"2025-07-20T22:47:54","date_gmt":"2025-07-20T19:47:54","guid":{"rendered":"https:\/\/berha.org\/en\/?post_type=product&#038;p=7799"},"modified":"2025-07-20T22:48:04","modified_gmt":"2025-07-20T19:48:04","slug":"pth-elecsys-reagent-for-roche-analyzers-elecsys-cobas-e411-100-test-2","status":"publish","type":"product","link":"https:\/\/berha.org\/en\/urun\/pth-elecsys-reagent-for-roche-analyzers-elecsys-cobas-e411-100-test-2\/","title":{"rendered":"PTH Elecsys Reagent for Roche Analyzers \u2013 Elecsys \/ Cobas E411 \u2013 100 Test"},"content":{"rendered":"<p>Roche Elecsys PTH Test Kiti, Roche Cobas e 411 analiz\u00f6r\u00fcnde serum veya plazma \u00f6rneklerinde parathormon (PTH) seviyesinin y\u00fcksek hassasiyetle kantitatif \u00f6l\u00e7\u00fcm\u00fcn\u00fc sa\u011flayan ECLIA teknolojisi tabanl\u0131 test kitidir.<\/p>\n<p>PTH, kalsiyum ve fosfor metabolizmas\u0131nda rol oynayan \u00f6nemli bir hormondur. Bu test, paratiroid bez fonksiyonlar\u0131n\u0131n de\u011ferlendirilmesi, b\u00f6brek hastal\u0131klar\u0131 ve kemik metabolizmas\u0131 bozukluklar\u0131n\u0131n tan\u0131s\u0131nda kullan\u0131l\u0131r.<\/p>\n","protected":false},"excerpt":{"rendered":"<p>100 Test &#8211; 8928380190 &#8211; Elecsys PTH Reagent Kit &#8211; Elecsys \/ Cobas E411<\/p>\n","protected":false},"featured_media":6785,"template":"","meta":[],"product_brand":[238],"product_cat":[220,217],"product_tag":[223,250,249,293,242,297,244,252,243,295,296,294,254,239,245],"class_list":{"0":"post-7799","1":"product","2":"type-product","3":"status-publish","4":"has-post-thumbnail","6":"product_brand-roche","7":"product_cat-roche-cobas-e411-reagents","8":"product_cat-roche-reagentlari","9":"product_tag-cobas-e411","10":"product_tag-eclia","11":"product_tag-elektrokemiluminesans","12":"product_tag-endokrinoloji-testleri","13":"product_tag-immunoassay-kiti","14":"product_tag-kemik-metabolizmasi","15":"product_tag-klinik-biyokimya","16":"product_tag-laboratuvar-sarf-malzemesi","17":"product_tag-laboratuvar-test-kiti","18":"product_tag-parathormon","19":"product_tag-paratiroid-hormonu","20":"product_tag-pth-testi","21":"product_tag-roche-diagnostik","22":"product_tag-roche-e411","23":"product_tag-roche-test-kitleri","25":"first","26":"instock","27":"shipping-taxable","28":"product-type-simple"},"_links":{"self":[{"href":"https:\/\/berha.org\/en\/wp-json\/wp\/v2\/product\/7799","targetHints":{"allow":["GET"]}}],"collection":[{"href":"https:\/\/berha.org\/en\/wp-json\/wp\/v2\/product"}],"about":[{"href":"https:\/\/berha.org\/en\/wp-json\/wp\/v2\/types\/product"}],"wp:featuredmedia":[{"embeddable":true,"href":"https:\/\/berha.org\/en\/wp-json\/wp\/v2\/media\/6785"}],"wp:attachment":[{"href":"https:\/\/berha.org\/en\/wp-json\/wp\/v2\/media?parent=7799"}],"wp:term":[{"taxonomy":"product_brand","embeddable":true,"href":"https:\/\/berha.org\/en\/wp-json\/wp\/v2\/product_brand?post=7799"},{"taxonomy":"product_cat","embeddable":true,"href":"https:\/\/berha.org\/en\/wp-json\/wp\/v2\/product_cat?post=7799"},{"taxonomy":"product_tag","embeddable":true,"href":"https:\/\/berha.org\/en\/wp-json\/wp\/v2\/product_tag?post=7799"}],"curies":[{"name":"wp","href":"https:\/\/api.w.org\/{rel}","templated":true}]}}