{"id":7798,"date":"2025-07-20T22:47:54","date_gmt":"2025-07-20T19:47:54","guid":{"rendered":"https:\/\/berha.org\/en\/?post_type=product&#038;p=7798"},"modified":"2025-07-20T22:48:03","modified_gmt":"2025-07-20T19:48:03","slug":"acth-elecsys-reagent-for-roche-analyzers-elecsys-cobas-e411-100-test-2","status":"publish","type":"product","link":"https:\/\/berha.org\/en\/urun\/acth-elecsys-reagent-for-roche-analyzers-elecsys-cobas-e411-100-test-2\/","title":{"rendered":"ACTH Elecsys Reagent for Roche Analyzers \u2013 Elecsys \/ Cobas E411 \u2013 100 Test"},"content":{"rendered":"<p>Roche Elecsys ACTH Test Kiti, Roche Cobas e 411 analiz\u00f6r\u00fcnde serum veya plazma \u00f6rneklerinde adrenokortikotropik hormon (ACTH) seviyesinin y\u00fcksek hassasiyetle kantitatif \u00f6l\u00e7\u00fcm\u00fcn\u00fc sa\u011flayan ECLIA teknolojisi tabanl\u0131 bir test kitidir.<\/p>\n<p>ACTH, hipofiz bezinden salg\u0131lanan ve b\u00f6brek\u00fcst\u00fc bezlerini etkileyen kritik bir hormondur. Bu test, adrenal ve hipofiz fonksiyonlar\u0131n\u0131n de\u011ferlendirilmesi, Cushing sendromu ve Addison hastal\u0131\u011f\u0131 gibi durumlar\u0131n tan\u0131s\u0131nda kullan\u0131l\u0131r.<\/p>\n","protected":false},"excerpt":{"rendered":"<p>100 Test- 8946710190 &#8211; Elecsys ACTH Reagent Kit &#8211; lecsys \/ Cobas E411<\/p>\n","protected":false},"featured_media":6784,"template":"","meta":[],"product_brand":[238],"product_cat":[220,217],"product_tag":[291,226,223,250,249,293,292,242,244,252,243,254,239,245],"class_list":{"0":"post-7798","1":"product","2":"type-product","3":"status-publish","4":"has-post-thumbnail","6":"product_brand-roche","7":"product_cat-roche-cobas-e411-reagents","8":"product_cat-roche-reagentlari","9":"product_tag-acth-testi","10":"product_tag-adrenokortikotropik-hormon","11":"product_tag-cobas-e411","12":"product_tag-eclia","13":"product_tag-elektrokemiluminesans","14":"product_tag-endokrinoloji-testleri","15":"product_tag-hipofiz-hormonu","16":"product_tag-immunoassay-kiti","17":"product_tag-klinik-biyokimya","18":"product_tag-laboratuvar-sarf-malzemesi","19":"product_tag-laboratuvar-test-kiti","20":"product_tag-roche-diagnostik","21":"product_tag-roche-e411","22":"product_tag-roche-test-kitleri","24":"first","25":"instock","26":"shipping-taxable","27":"product-type-simple"},"_links":{"self":[{"href":"https:\/\/berha.org\/en\/wp-json\/wp\/v2\/product\/7798","targetHints":{"allow":["GET"]}}],"collection":[{"href":"https:\/\/berha.org\/en\/wp-json\/wp\/v2\/product"}],"about":[{"href":"https:\/\/berha.org\/en\/wp-json\/wp\/v2\/types\/product"}],"wp:featuredmedia":[{"embeddable":true,"href":"https:\/\/berha.org\/en\/wp-json\/wp\/v2\/media\/6784"}],"wp:attachment":[{"href":"https:\/\/berha.org\/en\/wp-json\/wp\/v2\/media?parent=7798"}],"wp:term":[{"taxonomy":"product_brand","embeddable":true,"href":"https:\/\/berha.org\/en\/wp-json\/wp\/v2\/product_brand?post=7798"},{"taxonomy":"product_cat","embeddable":true,"href":"https:\/\/berha.org\/en\/wp-json\/wp\/v2\/product_cat?post=7798"},{"taxonomy":"product_tag","embeddable":true,"href":"https:\/\/berha.org\/en\/wp-json\/wp\/v2\/product_tag?post=7798"}],"curies":[{"name":"wp","href":"https:\/\/api.w.org\/{rel}","templated":true}]}}