{"id":7797,"date":"2025-07-20T22:47:54","date_gmt":"2025-07-20T19:47:54","guid":{"rendered":"https:\/\/berha.org\/en\/?post_type=product&#038;p=7797"},"modified":"2025-07-20T22:48:03","modified_gmt":"2025-07-20T19:48:03","slug":"hcgbeta-elecsys-reagent-for-roche-analyzers-elecsys-cobas-e411-100-test-2","status":"publish","type":"product","link":"https:\/\/berha.org\/en\/urun\/hcgbeta-elecsys-reagent-for-roche-analyzers-elecsys-cobas-e411-100-test-2\/","title":{"rendered":"HCG+Beta Elecsys Reagent for Roche Analyzers \u2013 Elecsys \/ Cobas E411 \u2013 100 Test"},"content":{"rendered":"<p>Roche Elecsys hCG Beta Test Kiti, Roche Cobas e 411 analiz\u00f6r\u00fcnde kullan\u0131lan, serum veya plazma \u00f6rneklerinde human chorionic gonadotropin beta (hCG \u03b2) alt biriminin y\u00fcksek hassasiyetle kantitatif \u00f6l\u00e7\u00fcm\u00fcn\u00fc sa\u011flayan ECLIA teknolojisi tabanl\u0131 test kitidir.<\/p>\n<p>hCG \u03b2, gebelik te\u015fhisinde ve baz\u0131 onkolojik hastal\u0131klar\u0131n tan\u0131s\u0131nda \u00f6nemli bir biyobelirte\u00e7tir. Test, erken gebelik tan\u0131s\u0131, gebelik takibi ve belirli kanser t\u00fcrlerinin tan\u0131s\u0131nda klinik destek sa\u011flar.<\/p>\n","protected":false},"excerpt":{"rendered":"<p>100 Test &#8211; 3271749190 &#8211; Elecsys hCG Beta Reagent Kit &#8211; Elecsys \/ Cobas E411<\/p>\n","protected":false},"featured_media":6783,"template":"","meta":[],"product_brand":[238],"product_cat":[220,217],"product_tag":[223,250,249,290,289,287,288,242,244,252,243,254,239,245],"class_list":{"0":"post-7797","1":"product","2":"type-product","3":"status-publish","4":"has-post-thumbnail","6":"product_brand-roche","7":"product_cat-roche-cobas-e411-reagents","8":"product_cat-roche-reagentlari","9":"product_tag-cobas-e411","10":"product_tag-eclia","11":"product_tag-elektrokemiluminesans","12":"product_tag-gebelik-markeri","13":"product_tag-gebelik-testi","14":"product_tag-hcg-beta-testi","15":"product_tag-human-chorionic-gonadotropin-beta","16":"product_tag-immunoassay-kiti","17":"product_tag-klinik-biyokimya","18":"product_tag-laboratuvar-sarf-malzemesi","19":"product_tag-laboratuvar-test-kiti","20":"product_tag-roche-diagnostik","21":"product_tag-roche-e411","22":"product_tag-roche-test-kitleri","24":"first","25":"instock","26":"shipping-taxable","27":"product-type-simple"},"_links":{"self":[{"href":"https:\/\/berha.org\/en\/wp-json\/wp\/v2\/product\/7797","targetHints":{"allow":["GET"]}}],"collection":[{"href":"https:\/\/berha.org\/en\/wp-json\/wp\/v2\/product"}],"about":[{"href":"https:\/\/berha.org\/en\/wp-json\/wp\/v2\/types\/product"}],"wp:featuredmedia":[{"embeddable":true,"href":"https:\/\/berha.org\/en\/wp-json\/wp\/v2\/media\/6783"}],"wp:attachment":[{"href":"https:\/\/berha.org\/en\/wp-json\/wp\/v2\/media?parent=7797"}],"wp:term":[{"taxonomy":"product_brand","embeddable":true,"href":"https:\/\/berha.org\/en\/wp-json\/wp\/v2\/product_brand?post=7797"},{"taxonomy":"product_cat","embeddable":true,"href":"https:\/\/berha.org\/en\/wp-json\/wp\/v2\/product_cat?post=7797"},{"taxonomy":"product_tag","embeddable":true,"href":"https:\/\/berha.org\/en\/wp-json\/wp\/v2\/product_tag?post=7797"}],"curies":[{"name":"wp","href":"https:\/\/api.w.org\/{rel}","templated":true}]}}