{"id":7796,"date":"2025-07-20T22:47:54","date_gmt":"2025-07-20T19:47:54","guid":{"rendered":"https:\/\/berha.org\/en\/?post_type=product&#038;p=7796"},"modified":"2025-07-20T22:48:02","modified_gmt":"2025-07-20T19:48:02","slug":"ige-ii-elecsys-reagent-for-roche-analyzers-elecsys-cobas-e411-100-test-2","status":"publish","type":"product","link":"https:\/\/berha.org\/en\/urun\/ige-ii-elecsys-reagent-for-roche-analyzers-elecsys-cobas-e411-100-test-2\/","title":{"rendered":"IgE II Elecsys Reagent for Roche Analyzers \u2013 Elecsys \/ Cobas E411 \u2013 100 Test"},"content":{"rendered":"<p>Roche Elecsys IgE II Test Kiti, Roche Cobas e 411 analiz\u00f6r\u00fcnde kullan\u0131lan, serum veya plazma \u00f6rneklerinde total \u0130mm\u00fcnoglobulin E (IgE) seviyesini y\u00fcksek hassasiyetle \u00f6l\u00e7en ECLIA teknolojisi tabanl\u0131 test kitidir.<\/p>\n<p>IgE, \u00f6zellikle alerjik reaksiyonlarda ve baz\u0131 paraziter enfeksiyonlarda artan \u00f6nemli bir antikordur. Bu test, alerji tan\u0131s\u0131, hastal\u0131k takibi ve klinik ara\u015ft\u0131rmalarda yayg\u0131n olarak kullan\u0131l\u0131r.<\/p>\n","protected":false},"excerpt":{"rendered":"<p>100 Test &#8211; 4827031190 &#8211; Elecsys IgE II Reagent Kit &#8211; Elecsys \/ Cobas E411<\/p>\n","protected":false},"featured_media":6782,"template":"","meta":[],"product_brand":[238],"product_cat":[220,217],"product_tag":[285,286,223,250,249,283,242,284,244,252,243,254,239,245],"class_list":{"0":"post-7796","1":"product","2":"type-product","3":"status-publish","4":"has-post-thumbnail","6":"product_brand-roche","7":"product_cat-roche-cobas-e411-reagents","8":"product_cat-roche-reagentlari","9":"product_tag-alerji-testi","10":"product_tag-alerjik-reaksiyon","11":"product_tag-cobas-e411","12":"product_tag-eclia","13":"product_tag-elektrokemiluminesans","14":"product_tag-ige-testi","15":"product_tag-immunoassay-kiti","16":"product_tag-immunoglobulin-e","17":"product_tag-klinik-biyokimya","18":"product_tag-laboratuvar-sarf-malzemesi","19":"product_tag-laboratuvar-test-kiti","20":"product_tag-roche-diagnostik","21":"product_tag-roche-e411","22":"product_tag-roche-test-kitleri","24":"first","25":"instock","26":"shipping-taxable","27":"product-type-simple"},"_links":{"self":[{"href":"https:\/\/berha.org\/en\/wp-json\/wp\/v2\/product\/7796","targetHints":{"allow":["GET"]}}],"collection":[{"href":"https:\/\/berha.org\/en\/wp-json\/wp\/v2\/product"}],"about":[{"href":"https:\/\/berha.org\/en\/wp-json\/wp\/v2\/types\/product"}],"wp:featuredmedia":[{"embeddable":true,"href":"https:\/\/berha.org\/en\/wp-json\/wp\/v2\/media\/6782"}],"wp:attachment":[{"href":"https:\/\/berha.org\/en\/wp-json\/wp\/v2\/media?parent=7796"}],"wp:term":[{"taxonomy":"product_brand","embeddable":true,"href":"https:\/\/berha.org\/en\/wp-json\/wp\/v2\/product_brand?post=7796"},{"taxonomy":"product_cat","embeddable":true,"href":"https:\/\/berha.org\/en\/wp-json\/wp\/v2\/product_cat?post=7796"},{"taxonomy":"product_tag","embeddable":true,"href":"https:\/\/berha.org\/en\/wp-json\/wp\/v2\/product_tag?post=7796"}],"curies":[{"name":"wp","href":"https:\/\/api.w.org\/{rel}","templated":true}]}}