{"id":7795,"date":"2025-07-20T22:47:54","date_gmt":"2025-07-20T19:47:54","guid":{"rendered":"https:\/\/berha.org\/en\/?post_type=product&#038;p=7795"},"modified":"2025-07-20T22:48:02","modified_gmt":"2025-07-20T19:48:02","slug":"total-psa-elecsys-reagent-for-roche-analyzers-elecsys-cobas-e411-100-test-2","status":"publish","type":"product","link":"https:\/\/berha.org\/en\/urun\/total-psa-elecsys-reagent-for-roche-analyzers-elecsys-cobas-e411-100-test-2\/","title":{"rendered":"Total PSA Elecsys Reagent for Roche Analyzers \u2013 Elecsys \/ Cobas E411 \u2013 100 Test"},"content":{"rendered":"<p>Roche Elecsys Total PSA Test Kiti, Roche Cobas e 411 analiz\u00f6r\u00fc i\u00e7in tasarlanm\u0131\u015f, serum veya plazma \u00f6rneklerinde total Prostat Spesifik Antijen (PSA) seviyesinin \u00f6l\u00e7\u00fcm\u00fcn\u00fc sa\u011flayan ECLIA teknolojisi tabanl\u0131 bir kitidir.<\/p>\n<p>Total PSA, prostat sa\u011fl\u0131\u011f\u0131n\u0131n de\u011ferlendirilmesinde \u00f6nemli bir biyobelirte\u00e7tir. Bu test, prostat kanseri taramas\u0131, prostatit ve benign prostat hiperplazisi gibi durumlar\u0131n tan\u0131 ve takibinde klinik olarak kullan\u0131l\u0131r.<\/p>\n","protected":false},"excerpt":{"rendered":"<p>100 Test- 8791686190 &#8211; Elecsys Total PSA Reagent Kit &#8211; Elecsys \/ Cobas E411<\/p>\n","protected":false},"featured_media":6781,"template":"","meta":[],"product_brand":[238],"product_cat":[220,217],"product_tag":[223,250,249,242,244,252,243,280,282,281,254,239,245,279],"class_list":{"0":"post-7795","1":"product","2":"type-product","3":"status-publish","4":"has-post-thumbnail","6":"product_brand-roche","7":"product_cat-roche-cobas-e411-reagents","8":"product_cat-roche-reagentlari","9":"product_tag-cobas-e411","10":"product_tag-eclia","11":"product_tag-elektrokemiluminesans","12":"product_tag-immunoassay-kiti","13":"product_tag-klinik-biyokimya","14":"product_tag-laboratuvar-sarf-malzemesi","15":"product_tag-laboratuvar-test-kiti","16":"product_tag-prostat-kanseri","17":"product_tag-prostat-sagligi","18":"product_tag-psa-olcumu","19":"product_tag-roche-diagnostik","20":"product_tag-roche-e411","21":"product_tag-roche-test-kitleri","22":"product_tag-total-psa-testi","24":"first","25":"instock","26":"shipping-taxable","27":"product-type-simple"},"_links":{"self":[{"href":"https:\/\/berha.org\/en\/wp-json\/wp\/v2\/product\/7795","targetHints":{"allow":["GET"]}}],"collection":[{"href":"https:\/\/berha.org\/en\/wp-json\/wp\/v2\/product"}],"about":[{"href":"https:\/\/berha.org\/en\/wp-json\/wp\/v2\/types\/product"}],"wp:featuredmedia":[{"embeddable":true,"href":"https:\/\/berha.org\/en\/wp-json\/wp\/v2\/media\/6781"}],"wp:attachment":[{"href":"https:\/\/berha.org\/en\/wp-json\/wp\/v2\/media?parent=7795"}],"wp:term":[{"taxonomy":"product_brand","embeddable":true,"href":"https:\/\/berha.org\/en\/wp-json\/wp\/v2\/product_brand?post=7795"},{"taxonomy":"product_cat","embeddable":true,"href":"https:\/\/berha.org\/en\/wp-json\/wp\/v2\/product_cat?post=7795"},{"taxonomy":"product_tag","embeddable":true,"href":"https:\/\/berha.org\/en\/wp-json\/wp\/v2\/product_tag?post=7795"}],"curies":[{"name":"wp","href":"https:\/\/api.w.org\/{rel}","templated":true}]}}