{"id":7794,"date":"2025-07-20T22:47:53","date_gmt":"2025-07-20T19:47:53","guid":{"rendered":"https:\/\/berha.org\/en\/?post_type=product&#038;p=7794"},"modified":"2025-07-20T22:48:02","modified_gmt":"2025-07-20T19:48:02","slug":"ft4-free-thyroxine-elecsys-reagent-for-roche-analyzers-elecsys-cobas-e411-100-test-2","status":"publish","type":"product","link":"https:\/\/berha.org\/en\/urun\/ft4-free-thyroxine-elecsys-reagent-for-roche-analyzers-elecsys-cobas-e411-100-test-2\/","title":{"rendered":"FT4 (Free Thyroxine) Elecsys Reagent for Roche Analyzers \u2013 Elecsys \/ Cobas E411 \u2013 100 Test"},"content":{"rendered":"<p>Roche Elecsys Free Thyroxine (FT4) Test Kiti, Roche Cobas e 411 analiz\u00f6r\u00fcnde \u00e7al\u0131\u015fan, serum veya plazma \u00f6rneklerinde serbest tiroksin (FT4) d\u00fczeylerini kantitatif olarak \u00f6l\u00e7en y\u00fcksek hassasiyetli ECLIA teknolojisi tabanl\u0131 bir test kitidir.<\/p>\n<p>FT4, tiroid bezinin hormon \u00fcretim fonksiyonlar\u0131n\u0131n de\u011ferlendirilmesinde kritik bir biyobelirte\u00e7tir. Bu test, tiroid hastal\u0131klar\u0131n\u0131n tan\u0131s\u0131, tedavi takibi ve klinik de\u011ferlendirmelerde g\u00fcvenilir sonu\u00e7lar sa\u011flar.<\/p>\n","protected":false},"excerpt":{"rendered":"<p>100 Test- 9043276190 &#8211; Elecsys Free Thyroxine (FT4) Reagent Kit &#8211; Cobas E411<\/p>\n","protected":false},"featured_media":6773,"template":"","meta":[],"product_brand":[238],"product_cat":[220,217],"product_tag":[223,250,249,275,274,242,244,252,243,254,239,245,276,278,277],"class_list":{"0":"post-7794","1":"product","2":"type-product","3":"status-publish","4":"has-post-thumbnail","6":"product_brand-roche","7":"product_cat-roche-cobas-e411-reagents","8":"product_cat-roche-reagentlari","9":"product_tag-cobas-e411","10":"product_tag-eclia","11":"product_tag-elektrokemiluminesans","12":"product_tag-free-thyroxine","13":"product_tag-ft4-testi","14":"product_tag-immunoassay-kiti","15":"product_tag-klinik-biyokimya","16":"product_tag-laboratuvar-sarf-malzemesi","17":"product_tag-laboratuvar-test-kiti","18":"product_tag-roche-diagnostik","19":"product_tag-roche-e411","20":"product_tag-roche-test-kitleri","21":"product_tag-serbest-t4","22":"product_tag-tiroid-fonksiyon-testleri","23":"product_tag-tiroid-hormonu-testi","25":"first","26":"instock","27":"shipping-taxable","28":"product-type-simple"},"_links":{"self":[{"href":"https:\/\/berha.org\/en\/wp-json\/wp\/v2\/product\/7794","targetHints":{"allow":["GET"]}}],"collection":[{"href":"https:\/\/berha.org\/en\/wp-json\/wp\/v2\/product"}],"about":[{"href":"https:\/\/berha.org\/en\/wp-json\/wp\/v2\/types\/product"}],"wp:featuredmedia":[{"embeddable":true,"href":"https:\/\/berha.org\/en\/wp-json\/wp\/v2\/media\/6773"}],"wp:attachment":[{"href":"https:\/\/berha.org\/en\/wp-json\/wp\/v2\/media?parent=7794"}],"wp:term":[{"taxonomy":"product_brand","embeddable":true,"href":"https:\/\/berha.org\/en\/wp-json\/wp\/v2\/product_brand?post=7794"},{"taxonomy":"product_cat","embeddable":true,"href":"https:\/\/berha.org\/en\/wp-json\/wp\/v2\/product_cat?post=7794"},{"taxonomy":"product_tag","embeddable":true,"href":"https:\/\/berha.org\/en\/wp-json\/wp\/v2\/product_tag?post=7794"}],"curies":[{"name":"wp","href":"https:\/\/api.w.org\/{rel}","templated":true}]}}