{"id":7793,"date":"2025-07-20T22:47:53","date_gmt":"2025-07-20T19:47:53","guid":{"rendered":"https:\/\/berha.org\/en\/?post_type=product&#038;p=7793"},"modified":"2025-07-20T22:48:01","modified_gmt":"2025-07-20T19:48:01","slug":"ferritin-elecsys-reagent-for-roche-analyzers-elecsys-cobas-e411-200-test-2","status":"publish","type":"product","link":"https:\/\/berha.org\/en\/urun\/ferritin-elecsys-reagent-for-roche-analyzers-elecsys-cobas-e411-200-test-2\/","title":{"rendered":"Ferritin Elecsys Reagent for Roche Analyzers \u2013 Elecsys \/ Cobas E411 \u2013 200 Test"},"content":{"rendered":"<p>Roche Elecsys Ferritin Test Kiti, Roche Cobas e 411 analiz\u00f6r\u00fc i\u00e7in geli\u015ftirilmi\u015f, serum veya plazma \u00f6rneklerinde ferritin d\u00fczeylerinin \u00f6l\u00e7\u00fcm\u00fcn\u00fc sa\u011flayan ECLIA teknolojisi tabanl\u0131 bir test kitidir.<\/p>\n<p>Ferritin, v\u00fccutta demir depolar\u0131n\u0131 g\u00f6steren \u00f6nemli bir biyobelirte\u00e7tir. Bu test, demir eksikli\u011fi anemisi, enflamasyon, hemochromatosis ve di\u011fer demir metabolizmas\u0131 bozukluklar\u0131n\u0131n tan\u0131s\u0131nda kritik rol oynar.<\/p>\n","protected":false},"excerpt":{"rendered":"<p>100 Test- 04491785190\/04491785160 &#8211; Elecsys Ferritin Reagent Kit &#8211; Cobas E411 \u2013 200 Test<\/p>\n","protected":false},"featured_media":6772,"template":"","meta":[],"product_brand":[238],"product_cat":[220,217],"product_tag":[273,223,270,272,250,249,269,242,244,252,243,254,239,245,271],"class_list":{"0":"post-7793","1":"product","2":"type-product","3":"status-publish","4":"has-post-thumbnail","6":"product_brand-roche","7":"product_cat-roche-cobas-e411-reagents","8":"product_cat-roche-reagentlari","9":"product_tag-200-test","10":"product_tag-cobas-e411","11":"product_tag-demir-depo-proteini","12":"product_tag-demir-metabolizmasi","13":"product_tag-eclia","14":"product_tag-elektrokemiluminesans","15":"product_tag-ferritin-testi","16":"product_tag-immunoassay-kiti","17":"product_tag-klinik-biyokimya","18":"product_tag-laboratuvar-sarf-malzemesi","19":"product_tag-laboratuvar-test-kiti","20":"product_tag-roche-diagnostik","21":"product_tag-roche-e411","22":"product_tag-roche-test-kitleri","23":"product_tag-serum-ferritin","25":"first","26":"instock","27":"shipping-taxable","28":"product-type-simple"},"_links":{"self":[{"href":"https:\/\/berha.org\/en\/wp-json\/wp\/v2\/product\/7793","targetHints":{"allow":["GET"]}}],"collection":[{"href":"https:\/\/berha.org\/en\/wp-json\/wp\/v2\/product"}],"about":[{"href":"https:\/\/berha.org\/en\/wp-json\/wp\/v2\/types\/product"}],"wp:featuredmedia":[{"embeddable":true,"href":"https:\/\/berha.org\/en\/wp-json\/wp\/v2\/media\/6772"}],"wp:attachment":[{"href":"https:\/\/berha.org\/en\/wp-json\/wp\/v2\/media?parent=7793"}],"wp:term":[{"taxonomy":"product_brand","embeddable":true,"href":"https:\/\/berha.org\/en\/wp-json\/wp\/v2\/product_brand?post=7793"},{"taxonomy":"product_cat","embeddable":true,"href":"https:\/\/berha.org\/en\/wp-json\/wp\/v2\/product_cat?post=7793"},{"taxonomy":"product_tag","embeddable":true,"href":"https:\/\/berha.org\/en\/wp-json\/wp\/v2\/product_tag?post=7793"}],"curies":[{"name":"wp","href":"https:\/\/api.w.org\/{rel}","templated":true}]}}