{"id":7791,"date":"2025-07-20T22:47:53","date_gmt":"2025-07-20T19:47:53","guid":{"rendered":"https:\/\/berha.org\/en\/?post_type=product&#038;p=7791"},"modified":"2025-07-20T22:48:00","modified_gmt":"2025-07-20T19:48:00","slug":"folate-iii-elecsys-reagent-for-roche-analyzers-elecsys-cobas-e411-100-test-2","status":"publish","type":"product","link":"https:\/\/berha.org\/en\/urun\/folate-iii-elecsys-reagent-for-roche-analyzers-elecsys-cobas-e411-100-test-2\/","title":{"rendered":"Folate III Elecsys Reagent for Roche Analyzers \u2013 Elecsys \/ Cobas E411 \u2013 100 Test"},"content":{"rendered":"<p>Roche Elecsys Folate III Test Kiti, Roche\u2019un tam otomatik Cobas e 411 analiz\u00f6r\u00fcyle uyumlu bir ECLIA teknolojisi kullan\u0131larak geli\u015ftirilmi\u015ftir. Bu kit, insan serum veya plazma \u00f6rneklerinde folat (folik asit \/ vitamin B9) d\u00fczeylerinin kantitatif olarak \u00f6l\u00e7\u00fclmesini sa\u011flar.<\/p>\n<p>Folat, h\u00fccre b\u00f6l\u00fcnmesi, DNA sentezi ve k\u0131rm\u0131z\u0131 kan h\u00fccrelerinin \u00fcretimi gibi hayati fonksiyonlarda \u00f6nemli rol oynar. Bu test, \u00f6zellikle anemi tan\u0131s\u0131, gebelik takibi, ve beslenme yetersizliklerinin de\u011ferlendirilmesinde b\u00fcy\u00fck klinik \u00f6neme sahiptir.<\/p>\n","protected":false},"excerpt":{"rendered":"<p>100 Test- 08324131190 &#8211; Elecsys Folate III Reagent Kit &#8211; Elecsys \/ Cobas E411<\/p>\n","protected":false},"featured_media":6771,"template":"","meta":[],"product_brand":[238],"product_cat":[220,217],"product_tag":[223,250,249,264,265,266,242,244,252,243,254,239,245,268,267],"class_list":{"0":"post-7791","1":"product","2":"type-product","3":"status-publish","4":"has-post-thumbnail","6":"product_brand-roche","7":"product_cat-roche-cobas-e411-reagents","8":"product_cat-roche-reagentlari","9":"product_tag-cobas-e411","10":"product_tag-eclia","11":"product_tag-elektrokemiluminesans","12":"product_tag-folat-testi","13":"product_tag-folate-iii","14":"product_tag-folik-asit-testi","15":"product_tag-immunoassay-kiti","16":"product_tag-klinik-biyokimya","17":"product_tag-laboratuvar-sarf-malzemesi","18":"product_tag-laboratuvar-test-kiti","19":"product_tag-roche-diagnostik","20":"product_tag-roche-e411","21":"product_tag-roche-test-kitleri","22":"product_tag-serum-folat-tayini","23":"product_tag-vitamin-b9-olcumu","25":"first","26":"instock","27":"shipping-taxable","28":"product-type-simple"},"_links":{"self":[{"href":"https:\/\/berha.org\/en\/wp-json\/wp\/v2\/product\/7791","targetHints":{"allow":["GET"]}}],"collection":[{"href":"https:\/\/berha.org\/en\/wp-json\/wp\/v2\/product"}],"about":[{"href":"https:\/\/berha.org\/en\/wp-json\/wp\/v2\/types\/product"}],"wp:featuredmedia":[{"embeddable":true,"href":"https:\/\/berha.org\/en\/wp-json\/wp\/v2\/media\/6771"}],"wp:attachment":[{"href":"https:\/\/berha.org\/en\/wp-json\/wp\/v2\/media?parent=7791"}],"wp:term":[{"taxonomy":"product_brand","embeddable":true,"href":"https:\/\/berha.org\/en\/wp-json\/wp\/v2\/product_brand?post=7791"},{"taxonomy":"product_cat","embeddable":true,"href":"https:\/\/berha.org\/en\/wp-json\/wp\/v2\/product_cat?post=7791"},{"taxonomy":"product_tag","embeddable":true,"href":"https:\/\/berha.org\/en\/wp-json\/wp\/v2\/product_tag?post=7791"}],"curies":[{"name":"wp","href":"https:\/\/api.w.org\/{rel}","templated":true}]}}