{"id":7790,"date":"2025-07-20T22:47:53","date_gmt":"2025-07-20T19:47:53","guid":{"rendered":"https:\/\/berha.org\/en\/?post_type=product&#038;p=7790"},"modified":"2025-07-20T22:48:00","modified_gmt":"2025-07-20T19:48:00","slug":"vitamin-d-total-elecsys-reagent-for-roche-analyzers-elecsys-cobas-e411-100-test-2","status":"publish","type":"product","link":"https:\/\/berha.org\/en\/urun\/vitamin-d-total-elecsys-reagent-for-roche-analyzers-elecsys-cobas-e411-100-test-2\/","title":{"rendered":"Vitamin D Total Elecsys Reagent for Roche Analyzers \u2013 Elecsys \/ Cobas E411 \u2013 100 Test"},"content":{"rendered":"<p>Roche E 411 Vitamin D Total Test Kiti, Roche\u2019un tam otomatik Cobas e 411 analiz\u00f6r cihaz\u0131nda kullan\u0131lmak \u00fczere geli\u015ftirilmi\u015f bir ECLIA (Elektrokemil\u00fcminesans) test kitidir. Serum ve plazma \u00f6rneklerinde 25-hidroksi Vitamin D (25-OH D) d\u00fczeylerini kantitatif olarak \u00f6l\u00e7er.<\/p>\n<p>Bu test, D vitamini eksikli\u011fi, kemik metabolizmas\u0131 bozukluklar\u0131 ve osteoporoz gibi durumlar\u0131n de\u011ferlendirilmesinde yayg\u0131n olarak kullan\u0131l\u0131r. Y\u00fcksek duyarl\u0131l\u0131\u011f\u0131 ve tekrarlanabilir sonu\u00e7lar\u0131yla klinik laboratuvarlarda g\u00fcvenilir analiz sa\u011flar.<\/p>\n","protected":false},"excerpt":{"rendered":"<p>100 Test- 05894913190 -Elecsys Vitamin D Total Reagent Kit<\/p>\n","protected":false},"featured_media":6770,"template":"","meta":[],"product_brand":[238],"product_cat":[220,217],"product_tag":[223,262,250,249,242,244,252,243,247,254,239,245,263,260,261],"class_list":{"0":"post-7790","1":"product","2":"type-product","3":"status-publish","4":"has-post-thumbnail","6":"product_brand-roche","7":"product_cat-roche-cobas-e411-reagents","8":"product_cat-roche-reagentlari","9":"product_tag-cobas-e411","10":"product_tag-d-vitamini-olcum-kiti","11":"product_tag-eclia","12":"product_tag-elektrokemiluminesans","13":"product_tag-immunoassay-kiti","14":"product_tag-klinik-biyokimya","15":"product_tag-laboratuvar-sarf-malzemesi","16":"product_tag-laboratuvar-test-kiti","17":"product_tag-otomatik-analiz-cihazi","18":"product_tag-roche-diagnostik","19":"product_tag-roche-e411","20":"product_tag-roche-test-kitleri","21":"product_tag-vitamin-d-tayini","22":"product_tag-vitamin-d-testi","23":"product_tag-vitamin-d-total","25":"first","26":"instock","27":"shipping-taxable","28":"product-type-simple"},"_links":{"self":[{"href":"https:\/\/berha.org\/en\/wp-json\/wp\/v2\/product\/7790","targetHints":{"allow":["GET"]}}],"collection":[{"href":"https:\/\/berha.org\/en\/wp-json\/wp\/v2\/product"}],"about":[{"href":"https:\/\/berha.org\/en\/wp-json\/wp\/v2\/types\/product"}],"wp:featuredmedia":[{"embeddable":true,"href":"https:\/\/berha.org\/en\/wp-json\/wp\/v2\/media\/6770"}],"wp:attachment":[{"href":"https:\/\/berha.org\/en\/wp-json\/wp\/v2\/media?parent=7790"}],"wp:term":[{"taxonomy":"product_brand","embeddable":true,"href":"https:\/\/berha.org\/en\/wp-json\/wp\/v2\/product_brand?post=7790"},{"taxonomy":"product_cat","embeddable":true,"href":"https:\/\/berha.org\/en\/wp-json\/wp\/v2\/product_cat?post=7790"},{"taxonomy":"product_tag","embeddable":true,"href":"https:\/\/berha.org\/en\/wp-json\/wp\/v2\/product_tag?post=7790"}],"curies":[{"name":"wp","href":"https:\/\/api.w.org\/{rel}","templated":true}]}}