{"id":7789,"date":"2025-07-20T22:47:53","date_gmt":"2025-07-20T19:47:53","guid":{"rendered":"https:\/\/berha.org\/en\/?post_type=product&#038;p=7789"},"modified":"2025-07-20T22:48:00","modified_gmt":"2025-07-20T19:48:00","slug":"tsh-elecsys-reagent-for-roche-analyzers-elecsys-cobas-e411-100-test-2","status":"publish","type":"product","link":"https:\/\/berha.org\/en\/urun\/tsh-elecsys-reagent-for-roche-analyzers-elecsys-cobas-e411-100-test-2\/","title":{"rendered":"TSH Elecsys Reagent for Roche Analyzers \u2013 Elecsys \/ Cobas E411 \u2013 100 Test"},"content":{"rendered":"<p>Roche E 411 TSH Test Kiti, Roche\u2019un geli\u015fmi\u015f Cobas e 411 analiz\u00f6r\u00fcyle uyumlu olarak kullan\u0131lan bir ECLIA (Elektrokemil\u00fcminesans) tabanl\u0131 test kitidir. Bu kit, insan serum veya plazmas\u0131nda bulunan Tiroid Stim\u00fclan Hormon (TSH) d\u00fczeylerini kantitatif olarak \u00f6l\u00e7mek i\u00e7in tasarlanm\u0131\u015ft\u0131r.<\/p>\n<p>TSH testi, hipotiroidi ve hipertiroidi gibi tiroid bezi hastal\u0131klar\u0131n\u0131n tan\u0131s\u0131 ve tedavi takibi a\u00e7\u0131s\u0131ndan kritik \u00f6neme sahiptir. Klinik do\u011frulu\u011fu y\u00fcksek olan bu test, laboratuvar ortam\u0131nda g\u00fcvenilir sonu\u00e7lar sunarak hasta y\u00f6netimine \u00f6nemli katk\u0131lar sa\u011flar.<\/p>\n","protected":false},"excerpt":{"rendered":"<p>100 Test-11731459122-Elecsys TSH Reagent Kit<\/p>\n","protected":false},"featured_media":6769,"template":"","meta":[],"product_brand":[238],"product_cat":[220,217],"product_tag":[248,250,249,242,244,252,243,247,254,239,245,259,257,256,258,255],"class_list":{"0":"post-7789","1":"product","2":"type-product","3":"status-publish","4":"has-post-thumbnail","6":"product_brand-roche","7":"product_cat-roche-cobas-e411-reagents","8":"product_cat-roche-reagentlari","9":"product_tag-diagnostik-kit","10":"product_tag-eclia","11":"product_tag-elektrokemiluminesans","12":"product_tag-immunoassay-kiti","13":"product_tag-klinik-biyokimya","14":"product_tag-laboratuvar-sarf-malzemesi","15":"product_tag-laboratuvar-test-kiti","16":"product_tag-otomatik-analiz-cihazi","17":"product_tag-roche-diagnostik","18":"product_tag-roche-e411","19":"product_tag-roche-test-kitleri","20":"product_tag-serum-tsh-testi","21":"product_tag-tiroid-stimulan-hormon","22":"product_tag-tiroid-testi","23":"product_tag-tsh-olcum-kiti","24":"product_tag-tsh-test-kiti","26":"first","27":"instock","28":"shipping-taxable","29":"product-type-simple"},"_links":{"self":[{"href":"https:\/\/berha.org\/en\/wp-json\/wp\/v2\/product\/7789","targetHints":{"allow":["GET"]}}],"collection":[{"href":"https:\/\/berha.org\/en\/wp-json\/wp\/v2\/product"}],"about":[{"href":"https:\/\/berha.org\/en\/wp-json\/wp\/v2\/types\/product"}],"wp:featuredmedia":[{"embeddable":true,"href":"https:\/\/berha.org\/en\/wp-json\/wp\/v2\/media\/6769"}],"wp:attachment":[{"href":"https:\/\/berha.org\/en\/wp-json\/wp\/v2\/media?parent=7789"}],"wp:term":[{"taxonomy":"product_brand","embeddable":true,"href":"https:\/\/berha.org\/en\/wp-json\/wp\/v2\/product_brand?post=7789"},{"taxonomy":"product_cat","embeddable":true,"href":"https:\/\/berha.org\/en\/wp-json\/wp\/v2\/product_cat?post=7789"},{"taxonomy":"product_tag","embeddable":true,"href":"https:\/\/berha.org\/en\/wp-json\/wp\/v2\/product_tag?post=7789"}],"curies":[{"name":"wp","href":"https:\/\/api.w.org\/{rel}","templated":true}]}}