{"id":7788,"date":"2025-07-20T22:47:53","date_gmt":"2025-07-20T19:47:53","guid":{"rendered":"https:\/\/berha.org\/en\/?post_type=product&#038;p=7788"},"modified":"2025-07-20T22:47:59","modified_gmt":"2025-07-20T19:47:59","slug":"vitamin-b12-ii-elecsys-reagent-for-roche-analyzers-elecsys-cobas-e411-100-200-test-2","status":"publish","type":"product","link":"https:\/\/berha.org\/en\/urun\/vitamin-b12-ii-elecsys-reagent-for-roche-analyzers-elecsys-cobas-e411-100-200-test-2\/","title":{"rendered":"Vitamin B12 II Elecsys Reagent for Roche Analyzers Elecsys \/ Cobas E411 &#8211; 100\/200 Test"},"content":{"rendered":"<p>Roche E 411 B12 II Test Kiti, Roche\u2019un tam otomatik ECLIA (Elektrokemil\u00fcminesans) teknolojisine sahip cihaz\u0131 olan Cobas e 411 sistemiyle uyumlu olarak geli\u015ftirilmi\u015ftir. Bu kit, insan serumunda veya plazmas\u0131nda Vitamin B12 (kobalamin) d\u00fczeylerinin kantitatif olarak \u00f6l\u00e7\u00fclmesini sa\u011flar. \u00d6zellikle anemi, n\u00f6rolojik bozukluklar ve malabsorpsiyon hastal\u0131klar\u0131n\u0131n tan\u0131 ve takibinde kullan\u0131l\u0131r.<\/p>\n<p>Klinik laboratuvarlar, hastaneler ve \u00f6zel tan\u0131 merkezleri i\u00e7in ideal olan bu kit, y\u00fcksek duyarl\u0131l\u0131k ve g\u00fcvenilir sonu\u00e7lar sunar. Test, otomatik i\u015f ak\u0131\u015f\u0131 sayesinde kullan\u0131c\u0131 hatalar\u0131n\u0131 minimuma indirirken, y\u00fcksek \u00f6rnekleme kapasitesiyle zaman tasarrufu sa\u011flar.<\/p>\n","protected":false},"excerpt":{"rendered":"<p>100 Test-7212771190-Reagent for Roche Analyzers Elecsys \/ Cobas E411 &#8211; 100\/200 Test<\/p>\n","protected":false},"featured_media":6768,"template":"","meta":[],"product_brand":[238],"product_cat":[220,217],"product_tag":[241,246,253,248,250,249,242,244,252,243,247,254,239,245,251,240],"class_list":{"0":"post-7788","1":"product","2":"type-product","3":"status-publish","4":"has-post-thumbnail","6":"product_brand-roche","7":"product_cat-roche-cobas-e411-reagents","8":"product_cat-roche-reagentlari","9":"product_tag-b12-ii-test-kiti","10":"product_tag-b12-olcum-kiti","11":"product_tag-biyokimya-laboratuvari","12":"product_tag-diagnostik-kit","13":"product_tag-eclia","14":"product_tag-elektrokemiluminesans","15":"product_tag-immunoassay-kiti","16":"product_tag-klinik-biyokimya","17":"product_tag-laboratuvar-sarf-malzemesi","18":"product_tag-laboratuvar-test-kiti","19":"product_tag-otomatik-analiz-cihazi","20":"product_tag-roche-diagnostik","21":"product_tag-roche-e411","22":"product_tag-roche-test-kitleri","23":"product_tag-serum-b12-testi","24":"product_tag-vitamin-b12-testi","26":"first","27":"instock","28":"shipping-taxable","29":"product-type-simple"},"_links":{"self":[{"href":"https:\/\/berha.org\/en\/wp-json\/wp\/v2\/product\/7788","targetHints":{"allow":["GET"]}}],"collection":[{"href":"https:\/\/berha.org\/en\/wp-json\/wp\/v2\/product"}],"about":[{"href":"https:\/\/berha.org\/en\/wp-json\/wp\/v2\/types\/product"}],"wp:featuredmedia":[{"embeddable":true,"href":"https:\/\/berha.org\/en\/wp-json\/wp\/v2\/media\/6768"}],"wp:attachment":[{"href":"https:\/\/berha.org\/en\/wp-json\/wp\/v2\/media?parent=7788"}],"wp:term":[{"taxonomy":"product_brand","embeddable":true,"href":"https:\/\/berha.org\/en\/wp-json\/wp\/v2\/product_brand?post=7788"},{"taxonomy":"product_cat","embeddable":true,"href":"https:\/\/berha.org\/en\/wp-json\/wp\/v2\/product_cat?post=7788"},{"taxonomy":"product_tag","embeddable":true,"href":"https:\/\/berha.org\/en\/wp-json\/wp\/v2\/product_tag?post=7788"}],"curies":[{"name":"wp","href":"https:\/\/api.w.org\/{rel}","templated":true}]}}