{"id":7787,"date":"2025-07-20T22:47:53","date_gmt":"2025-07-20T19:47:53","guid":{"rendered":"https:\/\/berha.org\/en\/?post_type=product&#038;p=7787"},"modified":"2025-07-20T22:47:59","modified_gmt":"2025-07-20T19:47:59","slug":"sargi-bezi-yara-ve-pansuman-sabitleme-bandaji-2","status":"publish","type":"product","link":"https:\/\/berha.org\/en\/urun\/sargi-bezi-yara-ve-pansuman-sabitleme-bandaji-2\/","title":{"rendered":"Sarg\u0131 Bezi \u2013 Yara ve Pansuman Sabitleme Bandaj\u0131"},"content":{"rendered":"<p>Steril olmayan, \u00e7ok ama\u00e7l\u0131 kullan\u0131m i\u00e7in tasarlanm\u0131\u015f y\u00fcksek kaliteli sarg\u0131 bezi. Pansumanlar\u0131n g\u00fcvenli \u015fekilde sabitlenmesi ve yara bak\u0131m\u0131nda destek sa\u011flamak \u00fczere ideal \u00e7\u00f6z\u00fcmd\u00fcr. Dayan\u0131kl\u0131 ve hava ge\u00e7irgen yap\u0131s\u0131 sayesinde uzun s\u00fcreli kullan\u0131mlarda konfor sunar. Klinik ve medikal sekt\u00f6r ihtiya\u00e7lar\u0131 i\u00e7in ekonomik ve g\u00fcvenilir bir tercihtir.<\/p>\n","protected":false},"excerpt":{"rendered":"<p>Non- Steril, \u00e7ok ama\u00e7l\u0131 medikal sarg\u0131 bezi. Pansumanlar\u0131n g\u00fcvenli sabitlenmesi i\u00e7in dayan\u0131kl\u0131 ve hava ge\u00e7irgen yap\u0131ya sahiptir.<\/p>\n","protected":false},"featured_media":6752,"template":"","meta":[],"product_brand":[],"product_cat":[1672],"product_tag":[935,936,937,471,934,492,932,933,497],"class_list":{"0":"post-7787","1":"product","2":"type-product","3":"status-publish","4":"has-post-thumbnail","6":"product_cat-sargi-bezleri","7":"product_tag-dayanikli-sargi","8":"product_tag-hava-gecirgen-bandaj","9":"product_tag-medikal-malzeme","10":"product_tag-medikal-sarf","11":"product_tag-medikal-sargi","12":"product_tag-pansuman-sabitleme","13":"product_tag-sargi-bezi","14":"product_tag-steril-olmayan-sargi","15":"product_tag-yara-bandaji","17":"first","18":"instock","19":"shipping-taxable","20":"product-type-external"},"_links":{"self":[{"href":"https:\/\/berha.org\/en\/wp-json\/wp\/v2\/product\/7787","targetHints":{"allow":["GET"]}}],"collection":[{"href":"https:\/\/berha.org\/en\/wp-json\/wp\/v2\/product"}],"about":[{"href":"https:\/\/berha.org\/en\/wp-json\/wp\/v2\/types\/product"}],"wp:featuredmedia":[{"embeddable":true,"href":"https:\/\/berha.org\/en\/wp-json\/wp\/v2\/media\/6752"}],"wp:attachment":[{"href":"https:\/\/berha.org\/en\/wp-json\/wp\/v2\/media?parent=7787"}],"wp:term":[{"taxonomy":"product_brand","embeddable":true,"href":"https:\/\/berha.org\/en\/wp-json\/wp\/v2\/product_brand?post=7787"},{"taxonomy":"product_cat","embeddable":true,"href":"https:\/\/berha.org\/en\/wp-json\/wp\/v2\/product_cat?post=7787"},{"taxonomy":"product_tag","embeddable":true,"href":"https:\/\/berha.org\/en\/wp-json\/wp\/v2\/product_tag?post=7787"}],"curies":[{"name":"wp","href":"https:\/\/api.w.org\/{rel}","templated":true}]}}