{"id":7786,"date":"2025-07-20T22:47:53","date_gmt":"2025-07-20T19:47:53","guid":{"rendered":"https:\/\/berha.org\/en\/?post_type=product&#038;p=7786"},"modified":"2025-07-20T22:47:59","modified_gmt":"2025-07-20T19:47:59","slug":"clorethyl-sogutucu-sprey-2","status":"publish","type":"product","link":"https:\/\/berha.org\/en\/urun\/clorethyl-sogutucu-sprey-2\/","title":{"rendered":"Clorethyl So\u011futucu Sprey"},"content":{"rendered":"<p>Clorethyl So\u011futucu Sprey, lokal anestezi ve temizleme amac\u0131yla kullan\u0131lan etkili bir medikal \u00fcr\u00fcnd\u00fcr. Uygulama b\u00f6lgesinde h\u0131zl\u0131 buharla\u015farak so\u011futucu etki sa\u011flar, b\u00f6ylece a\u011fr\u0131 ve hassasiyetin azalmas\u0131na yard\u0131mc\u0131 olur. Enjeksiyon \u00f6ncesi veya k\u00fc\u00e7\u00fck cerrahi i\u015flemler s\u0131ras\u0131nda tercih edilir. Klinik ortamlar i\u00e7in uygun, g\u00fcvenilir bir \u00fcr\u00fcnd\u00fcr.<\/p>\n","protected":false},"excerpt":{"rendered":"<p>Clorethyl So\u011futucu Sprey, lokal anestezi ve temizleme i\u00e7in h\u0131zl\u0131 so\u011futucu etki sa\u011flayan medikal sprey \u00fcr\u00fcn\u00fcd\u00fcr.<\/p>\n","protected":false},"featured_media":6751,"template":"","meta":[],"product_brand":[],"product_cat":[212],"product_tag":[944,468,943,938,942,945,940,941,939],"class_list":{"0":"post-7786","1":"product","2":"type-product","3":"status-publish","4":"has-post-thumbnail","6":"product_cat-sprey-grubu","7":"product_tag-agri-azaltici","8":"product_tag-bsn-medical","9":"product_tag-cerrahi-destek","10":"product_tag-clorethyl","11":"product_tag-enjeksiyon-oncesi","12":"product_tag-klinik-urun","13":"product_tag-lokal-anestezik","14":"product_tag-medikal-sprey","15":"product_tag-sogutucu-sprey","17":"first","18":"instock","19":"shipping-taxable","20":"product-type-external"},"_links":{"self":[{"href":"https:\/\/berha.org\/en\/wp-json\/wp\/v2\/product\/7786","targetHints":{"allow":["GET"]}}],"collection":[{"href":"https:\/\/berha.org\/en\/wp-json\/wp\/v2\/product"}],"about":[{"href":"https:\/\/berha.org\/en\/wp-json\/wp\/v2\/types\/product"}],"wp:featuredmedia":[{"embeddable":true,"href":"https:\/\/berha.org\/en\/wp-json\/wp\/v2\/media\/6751"}],"wp:attachment":[{"href":"https:\/\/berha.org\/en\/wp-json\/wp\/v2\/media?parent=7786"}],"wp:term":[{"taxonomy":"product_brand","embeddable":true,"href":"https:\/\/berha.org\/en\/wp-json\/wp\/v2\/product_brand?post=7786"},{"taxonomy":"product_cat","embeddable":true,"href":"https:\/\/berha.org\/en\/wp-json\/wp\/v2\/product_cat?post=7786"},{"taxonomy":"product_tag","embeddable":true,"href":"https:\/\/berha.org\/en\/wp-json\/wp\/v2\/product_tag?post=7786"}],"curies":[{"name":"wp","href":"https:\/\/api.w.org\/{rel}","templated":true}]}}