{"id":7785,"date":"2025-07-20T22:47:53","date_gmt":"2025-07-20T19:47:53","guid":{"rendered":"https:\/\/berha.org\/en\/?post_type=product&#038;p=7785"},"modified":"2025-07-20T22:47:58","modified_gmt":"2025-07-20T19:47:58","slug":"flaster-10-cm-x-10-m-medikal-sabitleme-bandi-2","status":"publish","type":"product","link":"https:\/\/berha.org\/en\/urun\/flaster-10-cm-x-10-m-medikal-sabitleme-bandi-2\/","title":{"rendered":"Flaster 10 cm x 10 m \u2013 Medikal Sabitleme Band\u0131"},"content":{"rendered":"<p>Flaster 10 cm x 10 m, pansuman ve medikal malzemelerin g\u00fcvenli \u015fekilde sabitlenmesi i\u00e7in kullan\u0131lan dayan\u0131kl\u0131 ve esnek sabitleme band\u0131d\u0131r. Hava ge\u00e7irgen yap\u0131s\u0131 sayesinde ciltte nefes almay\u0131 sa\u011flar, uzun s\u00fcreli kullan\u0131mlarda konfor sunar. Klinik ve hastane ortamlar\u0131 i\u00e7in uygundur.<\/p>\n","protected":false},"excerpt":{"rendered":"<p>Flaster 10 cm x 10 m, pansumanlar\u0131n g\u00fcvenli sabitlenmesi i\u00e7in esnek, dayan\u0131kl\u0131 ve hava ge\u00e7irgen yap\u0131ya sahip medikal sabitleme band\u0131d\u0131r.<\/p>\n","protected":false},"featured_media":6747,"template":"","meta":[],"product_brand":[],"product_cat":[630],"product_tag":[948,468,946,835,471,864,492,947,497],"class_list":{"0":"post-7785","1":"product","2":"type-product","3":"status-publish","4":"has-post-thumbnail","6":"product_cat-yara-bakimi","7":"product_tag-10x10-flaster","8":"product_tag-bsn-medical","9":"product_tag-flaster","10":"product_tag-medikal-bant","11":"product_tag-medikal-sarf","12":"product_tag-pansuman-bandi","13":"product_tag-pansuman-sabitleme","14":"product_tag-sabitleme-bandi","15":"product_tag-yara-bandaji","17":"first","18":"instock","19":"shipping-taxable","20":"product-type-external"},"_links":{"self":[{"href":"https:\/\/berha.org\/en\/wp-json\/wp\/v2\/product\/7785","targetHints":{"allow":["GET"]}}],"collection":[{"href":"https:\/\/berha.org\/en\/wp-json\/wp\/v2\/product"}],"about":[{"href":"https:\/\/berha.org\/en\/wp-json\/wp\/v2\/types\/product"}],"wp:featuredmedia":[{"embeddable":true,"href":"https:\/\/berha.org\/en\/wp-json\/wp\/v2\/media\/6747"}],"wp:attachment":[{"href":"https:\/\/berha.org\/en\/wp-json\/wp\/v2\/media?parent=7785"}],"wp:term":[{"taxonomy":"product_brand","embeddable":true,"href":"https:\/\/berha.org\/en\/wp-json\/wp\/v2\/product_brand?post=7785"},{"taxonomy":"product_cat","embeddable":true,"href":"https:\/\/berha.org\/en\/wp-json\/wp\/v2\/product_cat?post=7785"},{"taxonomy":"product_tag","embeddable":true,"href":"https:\/\/berha.org\/en\/wp-json\/wp\/v2\/product_tag?post=7785"}],"curies":[{"name":"wp","href":"https:\/\/api.w.org\/{rel}","templated":true}]}}