{"id":7784,"date":"2025-07-20T22:47:53","date_gmt":"2025-07-20T19:47:53","guid":{"rendered":"https:\/\/berha.org\/en\/?post_type=product&#038;p=7784"},"modified":"2025-07-20T22:47:58","modified_gmt":"2025-07-20T19:47:58","slug":"elastik-bandaj-coklu-boy-secenekleriyle-medikal-destek-bandaji-2","status":"publish","type":"product","link":"https:\/\/berha.org\/en\/urun\/elastik-bandaj-coklu-boy-secenekleriyle-medikal-destek-bandaji-2\/","title":{"rendered":"Elastik Bandaj \u2013 \u00c7oklu Boy Se\u00e7enekleriyle Medikal Destek Bandaj\u0131"},"content":{"rendered":"<p>Elastik bandajlar, farkl\u0131 \u00f6l\u00e7\u00fc ve uzunluklarda medikal destek sa\u011flamak \u00fczere tasarlanm\u0131\u015f esnek ve dayan\u0131kl\u0131 \u00fcr\u00fcnlerdir. Farkl\u0131 uygulama ihtiya\u00e7lar\u0131na g\u00f6re \u00e7e\u015fitli boyutlarda mevcuttur. Detayl\u0131 boyut se\u00e7enekleri ve \u00f6zel talepleriniz i\u00e7in l\u00fctfen bizimle ileti\u015fime ge\u00e7iniz.<\/p>\n","protected":false},"excerpt":{"rendered":"<p>Boyut ve miktar talepleriniz i\u00e7in l\u00fctfen sat\u0131\u015f temsilcimizle ileti\u015fime ge\u00e7iniz.<\/p>\n","protected":false},"featured_media":6740,"template":"","meta":[],"product_brand":[],"product_cat":[1671],"product_tag":[949,480,951,950,502,864],"class_list":{"0":"post-7784","1":"product","2":"type-product","3":"status-publish","4":"has-post-thumbnail","6":"product_cat-elastik-bandajlar","7":"product_tag-destek-bandaji","8":"product_tag-elastik-bandaj","9":"product_tag-esnek-medikal-bandaj","10":"product_tag-farkli-boy-elastik-bandaj","11":"product_tag-medikal-bandaj","12":"product_tag-pansuman-bandi","14":"first","15":"instock","16":"shipping-taxable","17":"product-type-external"},"_links":{"self":[{"href":"https:\/\/berha.org\/en\/wp-json\/wp\/v2\/product\/7784","targetHints":{"allow":["GET"]}}],"collection":[{"href":"https:\/\/berha.org\/en\/wp-json\/wp\/v2\/product"}],"about":[{"href":"https:\/\/berha.org\/en\/wp-json\/wp\/v2\/types\/product"}],"wp:featuredmedia":[{"embeddable":true,"href":"https:\/\/berha.org\/en\/wp-json\/wp\/v2\/media\/6740"}],"wp:attachment":[{"href":"https:\/\/berha.org\/en\/wp-json\/wp\/v2\/media?parent=7784"}],"wp:term":[{"taxonomy":"product_brand","embeddable":true,"href":"https:\/\/berha.org\/en\/wp-json\/wp\/v2\/product_brand?post=7784"},{"taxonomy":"product_cat","embeddable":true,"href":"https:\/\/berha.org\/en\/wp-json\/wp\/v2\/product_cat?post=7784"},{"taxonomy":"product_tag","embeddable":true,"href":"https:\/\/berha.org\/en\/wp-json\/wp\/v2\/product_tag?post=7784"}],"curies":[{"name":"wp","href":"https:\/\/api.w.org\/{rel}","templated":true}]}}