{"id":7783,"date":"2025-07-20T22:47:53","date_gmt":"2025-07-20T19:47:53","guid":{"rendered":"https:\/\/berha.org\/en\/?post_type=product&#038;p=7783"},"modified":"2025-07-20T22:47:58","modified_gmt":"2025-07-20T19:47:58","slug":"steril-gazli-bez-75x75-4-kat-100-adet-20x5li-paket-2","status":"publish","type":"product","link":"https:\/\/berha.org\/en\/urun\/steril-gazli-bez-75x75-4-kat-100-adet-20x5li-paket-2\/","title":{"rendered":"Steril Gazl\u0131 Bez  7,5&#215;7,5 &#8211; 4 Kat 100 Adet (20&#215;5&#8217;li Paket)"},"content":{"rendered":"<p>Steril gazl\u0131 bez, 7,5&#215;7,5 cm \u00f6l\u00e7\u00fcs\u00fcnde, 4 katl\u0131 yap\u0131s\u0131yla y\u00fcksek emicilik ve \u00fcst\u00fcn steril koruma sa\u011flar. Klinik ve cerrahi uygulamalarda yara temizli\u011fi ve pansumanlarda g\u00fcvenle kullan\u0131l\u0131r. 20\u2019\u015ferli 5 paket halinde toplam 100 adet \u00fcr\u00fcn i\u00e7erir.<\/p>\n","protected":false},"excerpt":{"rendered":"<p>Steril Gazl\u0131 Bez 7,5&#215;7,5 cm, 4 katl\u0131 yap\u0131s\u0131 ile y\u00fcksek emicilik sa\u011flayan, cerrahi ve klinik kullan\u0131ma uygun steril pansuman bezidir.<\/p>\n","protected":false},"featured_media":6737,"template":"","meta":[],"product_brand":[],"product_cat":[1669],"product_tag":[956,955,954,953,468,960,957,952,959,958],"class_list":{"0":"post-7783","1":"product","2":"type-product","3":"status-publish","4":"has-post-thumbnail","6":"product_cat-gazli-bezler","7":"product_tag-4-kat-gazli-bez","8":"product_tag-5-gazli-bez","9":"product_tag-5x7","10":"product_tag-953","11":"product_tag-bsn-medical","12":"product_tag-klinik-sarf","13":"product_tag-medikal-gazli-bez","14":"product_tag-steril-gazli-bez","15":"product_tag-steril-pansuman","16":"product_tag-yara-bakim-malzemesi","18":"first","19":"instock","20":"shipping-taxable","21":"product-type-simple"},"_links":{"self":[{"href":"https:\/\/berha.org\/en\/wp-json\/wp\/v2\/product\/7783","targetHints":{"allow":["GET"]}}],"collection":[{"href":"https:\/\/berha.org\/en\/wp-json\/wp\/v2\/product"}],"about":[{"href":"https:\/\/berha.org\/en\/wp-json\/wp\/v2\/types\/product"}],"wp:featuredmedia":[{"embeddable":true,"href":"https:\/\/berha.org\/en\/wp-json\/wp\/v2\/media\/6737"}],"wp:attachment":[{"href":"https:\/\/berha.org\/en\/wp-json\/wp\/v2\/media?parent=7783"}],"wp:term":[{"taxonomy":"product_brand","embeddable":true,"href":"https:\/\/berha.org\/en\/wp-json\/wp\/v2\/product_brand?post=7783"},{"taxonomy":"product_cat","embeddable":true,"href":"https:\/\/berha.org\/en\/wp-json\/wp\/v2\/product_cat?post=7783"},{"taxonomy":"product_tag","embeddable":true,"href":"https:\/\/berha.org\/en\/wp-json\/wp\/v2\/product_tag?post=7783"}],"curies":[{"name":"wp","href":"https:\/\/api.w.org\/{rel}","templated":true}]}}