{"id":7782,"date":"2025-07-20T22:47:52","date_gmt":"2025-07-20T19:47:52","guid":{"rendered":"https:\/\/berha.org\/en\/?post_type=product&#038;p=7782"},"modified":"2025-07-20T22:47:57","modified_gmt":"2025-07-20T19:47:57","slug":"45x45-8-kat-xrayli-batin-kompres-2","status":"publish","type":"product","link":"https:\/\/berha.org\/en\/urun\/45x45-8-kat-xrayli-batin-kompres-2\/","title":{"rendered":"45&#215;45 &#8211; 8 Kat Xray&#8217;li Bat\u0131n Kompres"},"content":{"rendered":"<p>45&#215;45 cm \u00f6l\u00e7\u00fcs\u00fcnde, 8 katl\u0131 Xray\u2019li bat\u0131n kompres, cerrahi m\u00fcdahalelerde geni\u015f y\u00fczeyli yara \u00f6rt\u00fcs\u00fc ve s\u0131v\u0131 emilimi i\u00e7in tasarlanm\u0131\u015ft\u0131r. Radyopak \u00f6zelli\u011fi sayesinde cerrahi s\u0131ras\u0131nda g\u00f6r\u00fcnt\u00fclemede kolayl\u0131k sa\u011flar. Y\u00fcksek emicilik kapasitesi ile etkin pansuman uygulamalar\u0131na destek verir. Klinik ve hastane ortamlar\u0131 i\u00e7in uygundur.<\/p>\n","protected":false},"excerpt":{"rendered":"<p>45&#215;45 cm, 8 katl\u0131 Xray\u2019li bat\u0131n kompres; cerrahi operasyonlarda geni\u015f y\u00fczeyli, y\u00fcksek emici ve radyopak \u00f6zellikli yara \u00f6rt\u00fcs\u00fcd\u00fcr.<\/p>\n","protected":false},"featured_media":6735,"template":"","meta":[],"product_brand":[],"product_cat":[1669],"product_tag":[962,963,961,966,471,965,964,967],"class_list":{"0":"post-7782","1":"product","2":"type-product","3":"status-publish","4":"has-post-thumbnail","6":"product_cat-gazli-bezler","7":"product_tag-45x45-kompres","8":"product_tag-8-kat-kompres","9":"product_tag-batin-kompres","10":"product_tag-cerrahi-kompres","11":"product_tag-medikal-sarf","12":"product_tag-radyopak-yara-ortusu","13":"product_tag-xrayli-kompres","14":"product_tag-yuksek-emici-kompres","16":"first","17":"instock","18":"shipping-taxable","19":"product-type-external"},"_links":{"self":[{"href":"https:\/\/berha.org\/en\/wp-json\/wp\/v2\/product\/7782","targetHints":{"allow":["GET"]}}],"collection":[{"href":"https:\/\/berha.org\/en\/wp-json\/wp\/v2\/product"}],"about":[{"href":"https:\/\/berha.org\/en\/wp-json\/wp\/v2\/types\/product"}],"wp:featuredmedia":[{"embeddable":true,"href":"https:\/\/berha.org\/en\/wp-json\/wp\/v2\/media\/6735"}],"wp:attachment":[{"href":"https:\/\/berha.org\/en\/wp-json\/wp\/v2\/media?parent=7782"}],"wp:term":[{"taxonomy":"product_brand","embeddable":true,"href":"https:\/\/berha.org\/en\/wp-json\/wp\/v2\/product_brand?post=7782"},{"taxonomy":"product_cat","embeddable":true,"href":"https:\/\/berha.org\/en\/wp-json\/wp\/v2\/product_cat?post=7782"},{"taxonomy":"product_tag","embeddable":true,"href":"https:\/\/berha.org\/en\/wp-json\/wp\/v2\/product_tag?post=7782"}],"curies":[{"name":"wp","href":"https:\/\/api.w.org\/{rel}","templated":true}]}}