{"id":7780,"date":"2025-07-20T22:47:52","date_gmt":"2025-07-20T19:47:52","guid":{"rendered":"https:\/\/berha.org\/en\/?post_type=product&#038;p=7780"},"modified":"2025-07-20T22:47:57","modified_gmt":"2025-07-20T19:47:57","slug":"8-cm-x-18-cm-steril-spanc-klinik-ve-cerrahi-yara-ortusu-2","status":"publish","type":"product","link":"https:\/\/berha.org\/en\/urun\/8-cm-x-18-cm-steril-spanc-klinik-ve-cerrahi-yara-ortusu-2\/","title":{"rendered":"8 cm x 18 cm Steril Span\u00e7 \u2013 Klinik ve Cerrahi Yara \u00d6rt\u00fcs\u00fc"},"content":{"rendered":"<p>Steril 8&#215;18 cm gazl\u0131 bez \/ span\u00e7, y\u00fcksek emicilik ve yumu\u015fak yap\u0131s\u0131yla cerrahi ve travmatik yaralarda etkili yara bak\u0131m\u0131 sa\u011flar. Klinik ve hastane ortamlar\u0131nda g\u00fcvenle kullan\u0131lmak \u00fczere tasarlanm\u0131\u015ft\u0131r. Y\u00fcksek kat say\u0131s\u0131 sayesinde s\u0131v\u0131 kontrol\u00fcn\u00fc optimize eder ve steril ambalaj\u0131yla enfeksiyon riskini minimize eder.<\/p>\n","protected":false},"excerpt":{"rendered":"<p>Steril 8&#215;18 cm gazl\u0131 bez \/ span\u00e7, cerrahi ve travmatik yaralarda y\u00fcksek emicilik sa\u011flayan yumu\u015fak ve dayan\u0131kl\u0131 yara \u00f6rt\u00fcs\u00fcd\u00fcr.<\/p>\n","protected":false},"featured_media":6730,"template":"","meta":[],"product_brand":[],"product_cat":[1669],"product_tag":[972,756,471,968,952,635,973],"class_list":{"0":"post-7780","1":"product","2":"type-product","3":"status-publish","4":"has-post-thumbnail","6":"product_cat-gazli-bezler","7":"product_tag-8x18-gazli-bez","8":"product_tag-cerrahi-pansuman","9":"product_tag-medikal-sarf","10":"product_tag-spanc","11":"product_tag-steril-gazli-bez","12":"product_tag-yara-ortusu","13":"product_tag-yuksek-emicilik","15":"first","16":"instock","17":"shipping-taxable","18":"product-type-external"},"_links":{"self":[{"href":"https:\/\/berha.org\/en\/wp-json\/wp\/v2\/product\/7780","targetHints":{"allow":["GET"]}}],"collection":[{"href":"https:\/\/berha.org\/en\/wp-json\/wp\/v2\/product"}],"about":[{"href":"https:\/\/berha.org\/en\/wp-json\/wp\/v2\/types\/product"}],"wp:featuredmedia":[{"embeddable":true,"href":"https:\/\/berha.org\/en\/wp-json\/wp\/v2\/media\/6730"}],"wp:attachment":[{"href":"https:\/\/berha.org\/en\/wp-json\/wp\/v2\/media?parent=7780"}],"wp:term":[{"taxonomy":"product_brand","embeddable":true,"href":"https:\/\/berha.org\/en\/wp-json\/wp\/v2\/product_brand?post=7780"},{"taxonomy":"product_cat","embeddable":true,"href":"https:\/\/berha.org\/en\/wp-json\/wp\/v2\/product_cat?post=7780"},{"taxonomy":"product_tag","embeddable":true,"href":"https:\/\/berha.org\/en\/wp-json\/wp\/v2\/product_tag?post=7780"}],"curies":[{"name":"wp","href":"https:\/\/api.w.org\/{rel}","templated":true}]}}