{"id":7779,"date":"2025-07-20T22:47:52","date_gmt":"2025-07-20T19:47:52","guid":{"rendered":"https:\/\/berha.org\/en\/?post_type=product&#038;p=7779"},"modified":"2025-07-20T22:47:56","modified_gmt":"2025-07-20T19:47:56","slug":"schutz-plus-yara-kapatici-etkili-ve-hizli-iyilesme-destegi-2","status":"publish","type":"product","link":"https:\/\/berha.org\/en\/urun\/schutz-plus-yara-kapatici-etkili-ve-hizli-iyilesme-destegi-2\/","title":{"rendered":"Schutz Plus Yara Kapat\u0131c\u0131 \u2013 Etkili ve H\u0131zl\u0131 \u0130yile\u015fme Deste\u011fi"},"content":{"rendered":"<p>Schutz Plus Yara Kapat\u0131c\u0131, yara iyile\u015fme s\u00fcrecini h\u0131zland\u0131rmak ve enfeksiyon riskini azaltmak i\u00e7in geli\u015ftirilmi\u015f etkili bir medikal \u00fcr\u00fcnd\u00fcr. Yara b\u00f6lgesinde koruyucu bir bariyer olu\u015fturarak d\u0131\u015f etkenlere kar\u015f\u0131 dayan\u0131kl\u0131 bir koruma sa\u011flar. Klinik ve medikal kullan\u0131ma uygun, g\u00fcvenilir bir yara bak\u0131m \u00e7\u00f6z\u00fcm\u00fcd\u00fcr.<\/p>\n","protected":false},"excerpt":{"rendered":"<p>Schutz Plus Yara Kapat\u0131c\u0131, yara iyile\u015fmesini h\u0131zland\u0131ran ve enfeksiyon riskini azaltan koruyucu medikal \u00fcr\u00fcnd\u00fcr.<\/p>\n","protected":false},"featured_media":6729,"template":"","meta":[],"product_brand":[],"product_cat":[212],"product_tag":[468,979,980,977,974,976,978,975],"class_list":{"0":"post-7779","1":"product","2":"type-product","3":"status-publish","4":"has-post-thumbnail","6":"product_cat-sprey-grubu","7":"product_tag-bsn-medical","8":"product_tag-enfeksiyon-koruyucu","9":"product_tag-klinik-sarf-malzeme","10":"product_tag-medikal-yara-kapatici","11":"product_tag-schutz-plus","12":"product_tag-yara-bakim-urunu","13":"product_tag-yara-iyilestirici","14":"product_tag-yara-kapatici","16":"first","17":"instock","18":"shipping-taxable","19":"product-type-external"},"_links":{"self":[{"href":"https:\/\/berha.org\/en\/wp-json\/wp\/v2\/product\/7779","targetHints":{"allow":["GET"]}}],"collection":[{"href":"https:\/\/berha.org\/en\/wp-json\/wp\/v2\/product"}],"about":[{"href":"https:\/\/berha.org\/en\/wp-json\/wp\/v2\/types\/product"}],"wp:featuredmedia":[{"embeddable":true,"href":"https:\/\/berha.org\/en\/wp-json\/wp\/v2\/media\/6729"}],"wp:attachment":[{"href":"https:\/\/berha.org\/en\/wp-json\/wp\/v2\/media?parent=7779"}],"wp:term":[{"taxonomy":"product_brand","embeddable":true,"href":"https:\/\/berha.org\/en\/wp-json\/wp\/v2\/product_brand?post=7779"},{"taxonomy":"product_cat","embeddable":true,"href":"https:\/\/berha.org\/en\/wp-json\/wp\/v2\/product_cat?post=7779"},{"taxonomy":"product_tag","embeddable":true,"href":"https:\/\/berha.org\/en\/wp-json\/wp\/v2\/product_tag?post=7779"}],"curies":[{"name":"wp","href":"https:\/\/api.w.org\/{rel}","templated":true}]}}