{"id":7777,"date":"2025-07-20T22:47:52","date_gmt":"2025-07-20T19:47:52","guid":{"rendered":"https:\/\/berha.org\/en\/?post_type=product&#038;p=7777"},"modified":"2025-07-20T22:47:56","modified_gmt":"2025-07-20T19:47:56","slug":"nonwoven-spanc-yuksek-emicilikli-steril-yara-ortusu-2","status":"publish","type":"product","link":"https:\/\/berha.org\/en\/urun\/nonwoven-spanc-yuksek-emicilikli-steril-yara-ortusu-2\/","title":{"rendered":"Nonwoven Span\u00e7 \u2013 Y\u00fcksek Emicilikli Steril Yara \u00d6rt\u00fcs\u00fc"},"content":{"rendered":"<p>Nonwoven Span\u00e7, steril yap\u0131s\u0131 ve y\u00fcksek emicilik \u00f6zelli\u011fi ile yara bak\u0131m\u0131nda g\u00fcvenilir bir \u00f6rt\u00fcd\u00fcr. Nonwoven kuma\u015ftan \u00fcretilmi\u015f olup yumu\u015fak dokusu sayesinde cilt dostudur ve enfeksiyon riskini azalt\u0131r. Klinik ve cerrahi uygulamalarda etkili s\u0131v\u0131 kontrol\u00fc sa\u011flar.<\/p>\n","protected":false},"excerpt":{"rendered":"<p>STERI\u0307L NONWOVEN SPANC\u0327 7,5 X 7,5 100 ADET (20 X 5 LI\u0307 PAKETLER )<\/p>\n<p>Nonwoven Span\u00e7, steril ve y\u00fcksek emicilikli yara \u00f6rt\u00fcs\u00fc olup klinik ve cerrahi pansumanlarda g\u00fcvenle kullan\u0131l\u0131r.<\/p>\n","protected":false},"featured_media":6723,"template":"","meta":[],"product_brand":[],"product_cat":[1669,630],"product_tag":[468,960,988,987,467,958,973],"class_list":{"0":"post-7777","1":"product","2":"type-product","3":"status-publish","4":"has-post-thumbnail","6":"product_cat-gazli-bezler","7":"product_cat-yara-bakimi","8":"product_tag-bsn-medical","9":"product_tag-klinik-sarf","10":"product_tag-medikal-spanc","11":"product_tag-nonwoven-spanc","12":"product_tag-steril-yara-ortusu","13":"product_tag-yara-bakim-malzemesi","14":"product_tag-yuksek-emicilik","16":"first","17":"instock","18":"shipping-taxable","19":"product-type-external"},"_links":{"self":[{"href":"https:\/\/berha.org\/en\/wp-json\/wp\/v2\/product\/7777","targetHints":{"allow":["GET"]}}],"collection":[{"href":"https:\/\/berha.org\/en\/wp-json\/wp\/v2\/product"}],"about":[{"href":"https:\/\/berha.org\/en\/wp-json\/wp\/v2\/types\/product"}],"wp:featuredmedia":[{"embeddable":true,"href":"https:\/\/berha.org\/en\/wp-json\/wp\/v2\/media\/6723"}],"wp:attachment":[{"href":"https:\/\/berha.org\/en\/wp-json\/wp\/v2\/media?parent=7777"}],"wp:term":[{"taxonomy":"product_brand","embeddable":true,"href":"https:\/\/berha.org\/en\/wp-json\/wp\/v2\/product_brand?post=7777"},{"taxonomy":"product_cat","embeddable":true,"href":"https:\/\/berha.org\/en\/wp-json\/wp\/v2\/product_cat?post=7777"},{"taxonomy":"product_tag","embeddable":true,"href":"https:\/\/berha.org\/en\/wp-json\/wp\/v2\/product_tag?post=7777"}],"curies":[{"name":"wp","href":"https:\/\/api.w.org\/{rel}","templated":true}]}}