{"id":7775,"date":"2025-07-20T22:47:52","date_gmt":"2025-07-20T19:47:52","guid":{"rendered":"https:\/\/berha.org\/en\/?post_type=product&#038;p=7775"},"modified":"2025-07-20T22:47:55","modified_gmt":"2025-07-20T19:47:55","slug":"vaginal-spekulum-2","status":"publish","type":"product","link":"https:\/\/berha.org\/en\/urun\/vaginal-spekulum-2\/","title":{"rendered":"Vaginal Spek\u00fcl\u00fcm"},"content":{"rendered":"<p>Vaginal spek\u00fcl\u00fcm, kad\u0131n sa\u011fl\u0131\u011f\u0131 alan\u0131nda muayene ve cerrahi uygulamalarda kullan\u0131lan y\u00fcksek kalite steril medikal aletlerdendir. Farkl\u0131 anatomik gereksinimlere uygun \u00e7e\u015fitli boy se\u00e7enekleri (Small, Medium, Large veya mm cinsinden \u00f6l\u00e7\u00fcler) ile t\u00fcm hasta profillerine hitap eder. Klinik ve hastane ortamlar\u0131nda steril paketlenmi\u015f olarak temin edilir.<\/p>\n","protected":false},"excerpt":{"rendered":"<p>Steril vaginal spek\u00fcl\u00fcm, kad\u0131n hastal\u0131klar\u0131 muayeneleri ve cerrahi i\u015flemler i\u00e7in tasarlanm\u0131\u015f, farkl\u0131 boy se\u00e7enekleriyle kliniklere ve hastanelere y\u00f6nelik profesyonel medikal \u00e7\u00f6z\u00fcmd\u00fcr.<\/p>\n","protected":false},"featured_media":6717,"template":"","meta":[],"product_brand":[],"product_cat":[211],"product_tag":[1004,1002,1003,997,999,998,980,995,1000,1005,996,1001,994],"class_list":{"0":"post-7775","1":"product","2":"type-product","3":"status-publish","4":"has-post-thumbnail","6":"product_cat-uroloji","7":"product_tag-cerrahi-alet","8":"product_tag-farkli-boy-spekulum","9":"product_tag-hastane-ekipmanlari","10":"product_tag-kadin-sagligi","11":"product_tag-kadin-sagligi-ekipmani","12":"product_tag-klinik-ekipman","13":"product_tag-klinik-sarf-malzeme","14":"product_tag-medikal-alet","15":"product_tag-medikal-muayene-aleti","16":"product_tag-saglik-kurumlari-icin","17":"product_tag-steril-spekulum","18":"product_tag-tek-kullanimlik-spekulum","19":"product_tag-vaginal-spekulum","21":"first","22":"instock","23":"shipping-taxable","24":"product-type-external"},"_links":{"self":[{"href":"https:\/\/berha.org\/en\/wp-json\/wp\/v2\/product\/7775","targetHints":{"allow":["GET"]}}],"collection":[{"href":"https:\/\/berha.org\/en\/wp-json\/wp\/v2\/product"}],"about":[{"href":"https:\/\/berha.org\/en\/wp-json\/wp\/v2\/types\/product"}],"wp:featuredmedia":[{"embeddable":true,"href":"https:\/\/berha.org\/en\/wp-json\/wp\/v2\/media\/6717"}],"wp:attachment":[{"href":"https:\/\/berha.org\/en\/wp-json\/wp\/v2\/media?parent=7775"}],"wp:term":[{"taxonomy":"product_brand","embeddable":true,"href":"https:\/\/berha.org\/en\/wp-json\/wp\/v2\/product_brand?post=7775"},{"taxonomy":"product_cat","embeddable":true,"href":"https:\/\/berha.org\/en\/wp-json\/wp\/v2\/product_cat?post=7775"},{"taxonomy":"product_tag","embeddable":true,"href":"https:\/\/berha.org\/en\/wp-json\/wp\/v2\/product_tag?post=7775"}],"curies":[{"name":"wp","href":"https:\/\/api.w.org\/{rel}","templated":true}]}}