{"id":7774,"date":"2025-07-20T22:47:51","date_gmt":"2025-07-20T19:47:51","guid":{"rendered":"https:\/\/berha.org\/en\/?post_type=product&#038;p=7774"},"modified":"2025-07-20T22:47:55","modified_gmt":"2025-07-20T19:47:55","slug":"steril-ve-non-steril-spanclar-farkli-boy-secenekleriyle-her-ihtiyaca-uygun-2","status":"publish","type":"product","link":"https:\/\/berha.org\/en\/urun\/steril-ve-non-steril-spanclar-farkli-boy-secenekleriyle-her-ihtiyaca-uygun-2\/","title":{"rendered":"Steril ve Non-Steril Span\u00e7lar \u2014 Farkl\u0131 Boy Se\u00e7enekleriyle Her \u0130htiyaca Uygun"},"content":{"rendered":"<p>Steril ve non-steril span\u00e7lar\u0131m\u0131z, medikal gereksinimlerinize uygun \u00e7e\u015fitli boyut ve \u00f6zellik se\u00e7enekleriyle sunulmaktad\u0131r. Klinik ve hastane kullan\u0131mlar\u0131 i\u00e7in ideal olan \u00fcr\u00fcnlerimiz hakk\u0131nda boyutlar ve teknik detaylar i\u00e7in l\u00fctfen bizimle ileti\u015fime ge\u00e7iniz.<\/p>\n","protected":false},"excerpt":{"rendered":"<p>Steril ve non-steril span\u00e7lar, medikal ihtiya\u00e7lara g\u00f6re farkl\u0131 boyutlarda sunulmaktad\u0131r. <\/p>\n<p>Klinik ve hastane kullan\u0131m\u0131 i\u00e7in uygun olan \u00fcr\u00fcnlerimiz hakk\u0131nda boyutlar ve teknik detaylar i\u00e7in l\u00fctfen ileti\u015fime ge\u00e7iniz.<\/p>\n","protected":false},"featured_media":6712,"template":"","meta":[],"product_brand":[],"product_cat":[1669],"product_tag":[1011,1008,1009,1010,471,988,1007,1006,635],"class_list":{"0":"post-7774","1":"product","2":"type-product","3":"status-publish","4":"has-post-thumbnail","6":"product_cat-gazli-bezler","7":"product_tag-b2b-medikal-urunler","8":"product_tag-farkli-boy-spanc","9":"product_tag-hastane-sarf-malzemesi","10":"product_tag-klinik-yara-bakim","11":"product_tag-medikal-sarf","12":"product_tag-medikal-spanc","13":"product_tag-non-steril-spanc","14":"product_tag-steril-spanc","15":"product_tag-yara-ortusu","17":"first","18":"instock","19":"shipping-taxable","20":"product-type-external"},"_links":{"self":[{"href":"https:\/\/berha.org\/en\/wp-json\/wp\/v2\/product\/7774","targetHints":{"allow":["GET"]}}],"collection":[{"href":"https:\/\/berha.org\/en\/wp-json\/wp\/v2\/product"}],"about":[{"href":"https:\/\/berha.org\/en\/wp-json\/wp\/v2\/types\/product"}],"wp:featuredmedia":[{"embeddable":true,"href":"https:\/\/berha.org\/en\/wp-json\/wp\/v2\/media\/6712"}],"wp:attachment":[{"href":"https:\/\/berha.org\/en\/wp-json\/wp\/v2\/media?parent=7774"}],"wp:term":[{"taxonomy":"product_brand","embeddable":true,"href":"https:\/\/berha.org\/en\/wp-json\/wp\/v2\/product_brand?post=7774"},{"taxonomy":"product_cat","embeddable":true,"href":"https:\/\/berha.org\/en\/wp-json\/wp\/v2\/product_cat?post=7774"},{"taxonomy":"product_tag","embeddable":true,"href":"https:\/\/berha.org\/en\/wp-json\/wp\/v2\/product_tag?post=7774"}],"curies":[{"name":"wp","href":"https:\/\/api.w.org\/{rel}","templated":true}]}}