{"id":4378,"date":"2025-05-26T04:07:09","date_gmt":"2025-05-26T01:07:09","guid":{"rendered":"https:\/\/berha.org\/?page_id=4378"},"modified":"2025-05-26T04:07:09","modified_gmt":"2025-05-26T01:07:09","slug":"karsilastir","status":"publish","type":"page","link":"https:\/\/berha.org\/en\/karsilastir\/","title":{"rendered":"Kar\u015f\u0131la\u015ft\u0131r"},"content":{"rendered":"","protected":false},"excerpt":{"rendered":"","protected":false},"author":1,"featured_media":0,"parent":0,"menu_order":0,"comment_status":"closed","ping_status":"closed","template":"","meta":{"footnotes":""},"class_list":["post-4378","page","type-page","status-publish","hentry"],"_links":{"self":[{"href":"https:\/\/berha.org\/en\/wp-json\/wp\/v2\/pages\/4378","targetHints":{"allow":["GET"]}}],"collection":[{"href":"https:\/\/berha.org\/en\/wp-json\/wp\/v2\/pages"}],"about":[{"href":"https:\/\/berha.org\/en\/wp-json\/wp\/v2\/types\/page"}],"author":[{"embeddable":true,"href":"https:\/\/berha.org\/en\/wp-json\/wp\/v2\/users\/1"}],"replies":[{"embeddable":true,"href":"https:\/\/berha.org\/en\/wp-json\/wp\/v2\/comments?post=4378"}],"version-history":[{"count":1,"href":"https:\/\/berha.org\/en\/wp-json\/wp\/v2\/pages\/4378\/revisions"}],"predecessor-version":[{"id":4379,"href":"https:\/\/berha.org\/en\/wp-json\/wp\/v2\/pages\/4378\/revisions\/4379"}],"wp:attachment":[{"href":"https:\/\/berha.org\/en\/wp-json\/wp\/v2\/media?parent=4378"}],"curies":[{"name":"wp","href":"https:\/\/api.w.org\/{rel}","templated":true}]}}