{"id":4338,"date":"2025-05-26T03:50:13","date_gmt":"2025-05-26T00:50:13","guid":{"rendered":"https:\/\/berha.org\/?page_id=4338"},"modified":"2025-05-26T03:50:13","modified_gmt":"2025-05-26T00:50:13","slug":"iade-politikasi","status":"publish","type":"page","link":"https:\/\/berha.org\/en\/iade-politikasi\/","title":{"rendered":"\u0130ade Politikas\u0131"},"content":{"rendered":"<p>29188 Say\u0131l\u0131 Mesafeli S\u00f6zle\u015fmeler Y\u00f6netmeli\u011fi\u2019nin \u201c<strong>Cayma hakk\u0131n\u0131n istisnalar\u0131\u201d ba\u015fl\u0131kl\u0131 m.15;<\/strong><\/p><p><strong>\u201cMADDE 15 \u2013&nbsp;(1) Taraflarca aksi kararla\u015ft\u0131r\u0131lmad\u0131k\u00e7a, t\u00fcketici a\u015fa\u011f\u0131daki s\u00f6zle\u015fmelerde cayma hakk\u0131n\u0131 kullanamaz:<\/strong><\/p><p>\u201ca) Fiyat\u0131 finansal piyasalardaki dalgalanmalara ba\u011fl\u0131 olarak de\u011fi\u015fen ve sat\u0131c\u0131 veya sa\u011flay\u0131c\u0131n\u0131n kontrol\u00fcnde olmayan mal veya hizmetlere ili\u015fkin s\u00f6zle\u015fmeler.<\/p><p>b) T\u00fcketicinin istekleri veya ki\u015fisel ihtiya\u00e7lar\u0131 do\u011frultusunda haz\u0131rlanan mallara ili\u015fkin s\u00f6zle\u015fmeler.<\/p><p>c) \u00c7abuk bozulabilen veya son kullanma tarihi ge\u00e7ebilecek mallar\u0131n teslimine ili\u015fkin s\u00f6zle\u015fmeler.<\/p><p>\u00e7) Tesliminden sonra ambalaj, bant, m\u00fch\u00fcr, paket gibi koruyucu unsurlar\u0131 a\u00e7\u0131lm\u0131\u015f olan mallardan; iadesi sa\u011fl\u0131k ve&nbsp;hijyen&nbsp;a\u00e7\u0131s\u0131ndan uygun olmayanlar\u0131n teslimine ili\u015fkin s\u00f6zle\u015fmeler.<\/p><p>\u2026<\/p><p><strong>\u011f) Elektronik ortamda an\u0131nda ifa edilen hizmetler veya t\u00fcketiciye an\u0131nda teslim edilen&nbsp;gayrimaddi&nbsp;mallara ili\u015fkin s\u00f6zle\u015fmeler.<\/strong><\/p><p>h) Cayma hakk\u0131 s\u00fcresi sona ermeden \u00f6nce, t\u00fcketicinin onay\u0131 ile ifas\u0131na ba\u015flanan hizmetlere ili\u015fkin s\u00f6zle\u015fmeler.\u201d<\/p><p>Yukar\u0131da verilen kanun h\u00fckm\u00fcn\u00fcn m.15\/1-\u011f h\u00fckm\u00fc gere\u011fince; elektronik ortamda an\u0131nda ifa edilen hizmetler 6502 say\u0131l\u0131 T\u00fcketicinin Korunmas\u0131 Hakk\u0131nda Kanunun 48 inci maddesi uyar\u0131nca cayma hakk\u0131n\u0131n istisnas\u0131n\u0131 olu\u015fturmad\u0131r.<\/p><p>berha.org \u00fczerinden al\u0131nan herhangi bir e\u011fitim veya \u00fcr\u00fcn, an\u0131nda hizmetinize sunulmu\u015f sebebiyle cayma hakk\u0131n\u0131z kapsam\u0131 d\u0131\u015f\u0131ndad\u0131r. berha.org adresinden al\u0131nan herhangi bir e\u011fitim videosu, al\u0131c\u0131n\u0131n kullan\u0131m\u0131na a\u00e7\u0131l\u0131r a\u00e7\u0131lmaz, video e\u011fitimi herhangi bir \u015fekilde a\u00e7\u0131lmam\u0131\u015f olsa dahi, iade edilemez.<\/p>","protected":false},"excerpt":{"rendered":"<p>29188 Say\u0131l\u0131 Mesafeli S\u00f6zle\u015fmeler Y\u00f6netmeli\u011fi\u2019nin \u201cCayma hakk\u0131n\u0131n istisnalar\u0131\u201d ba\u015fl\u0131kl\u0131 m.15; \u201cMADDE 15 \u2013&nbsp;(1) Taraflarca aksi kararla\u015ft\u0131r\u0131lmad\u0131k\u00e7a, t\u00fcketici a\u015fa\u011f\u0131daki s\u00f6zle\u015fmelerde cayma hakk\u0131n\u0131 kullanamaz: \u201ca) Fiyat\u0131 finansal piyasalardaki dalgalanmalara ba\u011fl\u0131 olarak de\u011fi\u015fen ve sat\u0131c\u0131 veya sa\u011flay\u0131c\u0131n\u0131n kontrol\u00fcnde olmayan mal veya hizmetlere ili\u015fkin s\u00f6zle\u015fmeler. b) T\u00fcketicinin istekleri veya ki\u015fisel ihtiya\u00e7lar\u0131 do\u011frultusunda haz\u0131rlanan mallara ili\u015fkin s\u00f6zle\u015fmeler. c) \u00c7abuk bozulabilen<\/p>\n<div class=\"klb-readmore button\"><a class=\"btn link\" href=\"https:\/\/berha.org\/en\/iade-politikasi\/\">Read More <i class=\"klbth-icon-right-arrow\"><\/i><\/a><\/div>\n","protected":false},"author":1,"featured_media":0,"parent":0,"menu_order":0,"comment_status":"closed","ping_status":"closed","template":"","meta":{"footnotes":""},"class_list":["post-4338","page","type-page","status-publish","hentry"],"_links":{"self":[{"href":"https:\/\/berha.org\/en\/wp-json\/wp\/v2\/pages\/4338","targetHints":{"allow":["GET"]}}],"collection":[{"href":"https:\/\/berha.org\/en\/wp-json\/wp\/v2\/pages"}],"about":[{"href":"https:\/\/berha.org\/en\/wp-json\/wp\/v2\/types\/page"}],"author":[{"embeddable":true,"href":"https:\/\/berha.org\/en\/wp-json\/wp\/v2\/users\/1"}],"replies":[{"embeddable":true,"href":"https:\/\/berha.org\/en\/wp-json\/wp\/v2\/comments?post=4338"}],"version-history":[{"count":1,"href":"https:\/\/berha.org\/en\/wp-json\/wp\/v2\/pages\/4338\/revisions"}],"predecessor-version":[{"id":4339,"href":"https:\/\/berha.org\/en\/wp-json\/wp\/v2\/pages\/4338\/revisions\/4339"}],"wp:attachment":[{"href":"https:\/\/berha.org\/en\/wp-json\/wp\/v2\/media?parent=4338"}],"curies":[{"name":"wp","href":"https:\/\/api.w.org\/{rel}","templated":true}]}}